{"id":1049,"date":"2016-06-27T21:16:59","date_gmt":"2016-06-27T19:16:59","guid":{"rendered":"http:\/\/www.atelierdusartel.com\/en\/?page_id=1049"},"modified":"2016-07-31T23:34:18","modified_gmt":"2016-07-31T21:34:18","slug":"home","status":"publish","type":"page","link":"https:\/\/www.atelierdusartel.com\/en\/","title":{"rendered":"atelier du Sartel"},"content":{"rendered":"<p>[vc_row][vc_column width=&#8221;1\/2&#8243;][vc_single_image image=&#8221;432&#8243; img_size=&#8221;450&#215;350&#8243; alignment=&#8221;center&#8221; css_animation=&#8221;bottom-to-top&#8221;][vc_empty_space height=&#8221;40px&#8221;][vc_column_text css=&#8221;.vc_custom_1468502136954{padding-left: 20px !important;}&#8221;]<\/p>\n<h1><span style=\"color: #a1624c;\"><strong>studio<\/strong><\/span><\/h1>\n<p>[\/vc_column_text][vc_column_text css=&#8221;.vc_custom_1468502796921{padding-top: 20px !important;padding-right: 20px !important;padding-bottom: 20px !important;padding-left: 20px !important;}&#8221;]<\/p>\n<h2 class=\"p1\"><b>A unique French atelier for the design <\/b><b>of leather goods, footwear and fashion accessories, offering clients a global creative approach from brand image analysis to product concept, design and production.<\/b><\/h2>\n<p><a href=\"https:\/\/www.atelierdusartel.com\/en\/our-missions\/\"><strong>our missions<\/strong><\/a>[\/vc_column_text][vc_empty_space height=&#8221;50px&#8221;][\/vc_column][vc_column width=&#8221;1\/2&#8243;][vc_empty_space][vc_empty_space height=&#8221;60px&#8221;][vc_single_image image=&#8221;1245&#8243; img_size=&#8221;550&#215;550&#8243; alignment=&#8221;center&#8221; css_animation=&#8221;bottom-to-top&#8221;][\/vc_column][\/vc_row][vc_row parallax=&#8221;content-moving-fade&#8221; el_class=&#8221;parallax-it-row&#8221;][vc_column width=&#8221;1\/3&#8243;][vc_empty_space height=&#8221;100px&#8221;][vc_single_image image=&#8221;427&#8243; img_size=&#8221;200&#215;350&#8243; alignment=&#8221;center&#8221; el_class=&#8221;parallax-it-slow&#8221;][vc_empty_space height=&#8221;100px&#8221;][\/vc_column][vc_column width=&#8221;1\/3&#8243;][vc_empty_space height=&#8221;100px&#8221;][vc_single_image image=&#8221;1380&#8243; img_size=&#8221;400&#215;380&#8243; alignment=&#8221;center&#8221; el_class=&#8221;parallax-it-slow&#8221;][vc_empty_space height=&#8221;100px&#8221;][\/vc_column][vc_column width=&#8221;1\/3&#8243;][vc_single_image image=&#8221;1247&#8243; img_size=&#8221;350&#215;250&#8243; alignment=&#8221;center&#8221;][\/vc_column][\/vc_row][vc_row el_class=&#8221;parallax-it-row&#8221;][vc_column width=&#8221;1\/2&#8243;][vc_separator color=&#8221;white&#8221; el_width=&#8221;10&#8243;][vc_column_text css=&#8221;.vc_custom_1468502115100{padding-left: 20px !important;}&#8221;]<\/p>\n<h1><span style=\"color: #a1624c;\"><strong>know-how<\/strong><\/span><\/h1>\n<h2><\/h2>\n<p>[\/vc_column_text][vc_column_text css=&#8221;.vc_custom_1468502742672{padding-top: 20px !important;padding-right: 20px !important;padding-bottom: 20px !important;padding-left: 20px !important;}&#8221;]<\/p>\n<h2 class=\"p1\"><b>The Atelier du Sartel offers its clients specialized know-how that includes using leading-edge technology and new materials to create rare and innovative products that convey both respect for and a perfect understanding of the artisanal techniques required to make leather goods and footwear. <\/b><\/h2>\n<p class=\"p1\"><a href=\"https:\/\/www.atelierdusartel.com\/portolio2\/\"><b>know-how &amp; success stories<\/b><\/a><\/p>\n<p>[\/vc_column_text][\/vc_column][vc_column width=&#8221;1\/4&#8243;][vc_single_image image=&#8221;1393&#8243; img_size=&#8221;full&#8221; alignment=&#8221;center&#8221;][\/vc_column][vc_column width=&#8221;1\/4&#8243; css=&#8221;.vc_custom_1464272248395{padding-top: 40px !important;}&#8221;][vc_empty_space height=&#8221;100px&#8221;][vc_single_image image=&#8221;1394&#8243; img_size=&#8221;300&#215;300&#8243; alignment=&#8221;right&#8221; el_class=&#8221;parallax-it-slow&#8221;][\/vc_column][\/vc_row][vc_row parallax=&#8221;content-moving&#8221; el_class=&#8221;parallax-it-row&#8221;][vc_column width=&#8221;2\/3&#8243; el_class=&#8221;parallax-it-row&#8221;][vc_single_image image=&#8221;1255&#8243; img_size=&#8221;550&#215;550&#8243; el_class=&#8221;parallax-it-slow&#8221;][\/vc_column][vc_column width=&#8221;1\/3&#8243;][vc_empty_space height=&#8221;100px&#8221;][vc_single_image image=&#8221;1257&#8243; img_size=&#8221;350&#215;350&#8243; el_class=&#8221;parallax-it-slow&#8221;][\/vc_column][\/vc_row][vc_row el_class=&#8221;parallax-it-row&#8221;][vc_column width=&#8221;1\/2&#8243;][vc_empty_space height=&#8221;100px&#8221;][vc_column_text css=&#8221;.vc_custom_1468502145327{padding-left: 20px !important;}&#8221;]<\/p>\n<h1><strong><span style=\"color: #a1624c;\">creation<\/span><\/strong><\/h1>\n<p>[\/vc_column_text][vc_column_text css=&#8221;.vc_custom_1468502497849{padding-top: 20px !important;padding-right: 20px !important;padding-bottom: 20px !important;padding-left: 20px !important;}&#8221;]<\/p>\n<h2 class=\"p1\"><span class=\"s1\"><b>Guided by the passion and expertise of its founder, a team of 10 experts work together to ensure the seamless realization of each project, in strict collaboration with the brand.<\/b><\/span><\/h2>\n<p class=\"p1\"><a href=\"https:\/\/www.atelierdusartel.com\/en\/team\/\"><b>the atelier\u00a0<\/b><b>du Sartel\u00a0<\/b><b>team<\/b><\/a><\/p>\n<p>[\/vc_column_text][\/vc_column][vc_column width=&#8221;1\/2&#8243;][vc_single_image image=&#8221;1037&#8243; img_size=&#8221;300&#8243; alignment=&#8221;center&#8221; el_class=&#8221;parallax-it-slow&#8221;][\/vc_column][\/vc_row][vc_row css=&#8221;.vc_custom_1465192499162{margin-top: 30px !important;}&#8221;][vc_column]<div id=\"mgt-post-list-8338\" class=\"mgt-post-list wpb_content_element animated\"><div class=\"mgt-post small-blocks\"><a href=\"https:\/\/www.atelierdusartel.com\/2016\/05\/26\/alix-de-chaunac\/\"><div class=\"mgt-post-image\" data-style=\"background-image: url(https:\/\/www.atelierdusartel.com\/wp-content\/uploads\/2016\/05\/Alix-1-270x230.jpg);\"><div class=\"mgt-post-image-wrapper\"><\/div><\/div><\/a><div class=\"mgt-post-details\"><div class=\"mgt-post-icon format-standard\"><\/div><div class=\"mgt-post-title\"><a href=\"https:\/\/www.atelierdusartel.com\/2016\/05\/26\/alix-de-chaunac\/\"><h5>Portrait #1 : Alix de Chaunac<\/h5><\/a><\/div><div class=\"mgt-post-date\">26 May 2016<\/div><\/div><\/div><div class=\"mgt-post small-blocks\"><a href=\"https:\/\/www.atelierdusartel.com\/2016\/06\/09\/mauris-blandit-aliquet-elit-eget-tincidunt-nibh-pulvinar\/\"><div class=\"mgt-post-image\" data-style=\"background-image: url(https:\/\/www.atelierdusartel.com\/wp-content\/uploads\/2016\/05\/13428033_10154060182380239_5774133389884894953_n-270x230.png);\"><div class=\"mgt-post-image-wrapper\"><\/div><\/div><\/a><div class=\"mgt-post-details\"><div class=\"mgt-post-icon format-standard\"><\/div><div class=\"mgt-post-title\"><a href=\"https:\/\/www.atelierdusartel.com\/2016\/06\/09\/mauris-blandit-aliquet-elit-eget-tincidunt-nibh-pulvinar\/\"><h5>&quot;Go\u00fbt de Luxe&quot; sur BFM Business<\/h5><\/a><\/div><div class=\"mgt-post-date\">9 June 2016<\/div><\/div><\/div><div class=\"mgt-post small-blocks\"><a href=\"https:\/\/www.atelierdusartel.com\/2016\/06\/22\/portrait-2-vincent-du-sartel\/\"><div class=\"mgt-post-image\" data-style=\"background-image: url(https:\/\/www.atelierdusartel.com\/wp-content\/uploads\/2016\/05\/Vincent-270x230.jpg);\"><div class=\"mgt-post-image-wrapper\"><\/div><\/div><\/a><div class=\"mgt-post-details\"><div class=\"mgt-post-icon format-standard\"><\/div><div class=\"mgt-post-title\"><a href=\"https:\/\/www.atelierdusartel.com\/2016\/06\/22\/portrait-2-vincent-du-sartel\/\"><h5>Portrait #2 : Vincent du Sartel<\/h5><\/a><\/div><div class=\"mgt-post-date\">22 June 2016<\/div><\/div><\/div><div class=\"mgt-post small-blocks\"><a href=\"https:\/\/www.atelierdusartel.com\/2016\/06\/22\/portrait-3-heloise-edouard\/\"><div class=\"mgt-post-image\" data-style=\"background-image: url(https:\/\/www.atelierdusartel.com\/wp-content\/uploads\/2016\/05\/Heloise-270x230.jpg);\"><div class=\"mgt-post-image-wrapper\"><\/div><\/div><\/a><div class=\"mgt-post-details\"><div class=\"mgt-post-icon format-standard\"><\/div><div class=\"mgt-post-title\"><a href=\"https:\/\/www.atelierdusartel.com\/2016\/06\/22\/portrait-3-heloise-edouard\/\"><h5>Portrait #3 : H\u00e9lo\u00efse Edouard<\/h5><\/a><\/div><div class=\"mgt-post-date\">22 June 2016<\/div><\/div><\/div><div class=\"clearfix\"><\/div><\/div>[\/vc_column][\/vc_row]<\/p>\n","protected":false},"excerpt":{"rendered":"<p>[vc_row][vc_column width=&#8221;1\/2&#8243;][vc_single_image image=&#8221;432&#8243; img_size=&#8221;450&#215;350&#8243; alignment=&#8221;center&#8221; css_animation=&#8221;bottom-to-top&#8221;][vc_empty_space height=&#8221;40px&#8221;][vc_column_text css=&#8221;.vc_custom_1468502136954{padding-left: 20px !important;}&#8221;] studio [\/vc_column_text][vc_column_text css=&#8221;.vc_custom_1468502796921{padding-top: 20px !important;padding-right: 20px !important;padding-bottom: 20px&#8230;<\/p>\n","protected":false},"author":1,"featured_media":1251,"parent":0,"menu_order":0,"comment_status":"closed","ping_status":"closed","template":"","meta":[],"yoast_head":"<!-- This site is optimized with the Yoast SEO plugin v16.0.2 - https:\/\/yoast.com\/wordpress\/plugins\/seo\/ -->\n<meta name=\"description\" content=\"atelier du Sartel est l&#039;unique studio de cr\u00e9ation et de design fran\u00e7ais sp\u00e9cialis\u00e9 dans la maroquinerie, la chaussure et les accessoires premium et de luxe.\" \/>\n<link rel=\"canonical\" href=\"https:\/\/www.atelierdusartel.com\/en\/\" \/>\n<meta property=\"og:locale\" content=\"en_US\" \/>\n<meta property=\"og:type\" content=\"article\" \/>\n<meta property=\"og:title\" content=\"atelier du Sartel\" \/>\n<meta property=\"og:description\" content=\"atelier du Sartel est l&#039;unique studio de cr\u00e9ation et de design fran\u00e7ais sp\u00e9cialis\u00e9 dans la maroquinerie, la chaussure et les accessoires premium et de luxe.\" \/>\n<meta property=\"og:url\" content=\"https:\/\/www.atelierdusartel.com\/en\/\" \/>\n<meta property=\"og:site_name\" content=\"atelier du Sartel\" \/>\n<meta property=\"article:publisher\" content=\"https:\/\/www.facebook.com\/Atelier-Du-Sartel-190788850238\" \/>\n<meta property=\"article:modified_time\" content=\"2016-07-31T21:34:18+00:00\" \/>\n<meta property=\"og:image\" content=\"https:\/\/www.atelierdusartel.com\/wp-content\/uploads\/2016\/05\/logo-atelier-du-sartel.jpg\" \/>\n\t<meta property=\"og:image:width\" content=\"2083\" \/>\n\t<meta property=\"og:image:height\" content=\"2083\" \/>\n<meta name=\"twitter:card\" content=\"summary\" \/>\n<meta name=\"twitter:site\" content=\"@atelierdusartel\" \/>\n<meta name=\"twitter:label1\" content=\"Est. reading time\">\n\t<meta name=\"twitter:data1\" content=\"3 minutes\">\n<script type=\"application\/ld+json\" class=\"yoast-schema-graph\">{\"@context\":\"https:\/\/schema.org\",\"@graph\":[{\"@type\":\"WebSite\",\"@id\":\"https:\/\/www.atelierdusartel.com\/#website\",\"url\":\"https:\/\/www.atelierdusartel.com\/\",\"name\":\"atelier du Sartel\",\"description\":\"Studio fran\\u00e7ais de design en maroquinerie, chaussures et accessoires de mode.\",\"potentialAction\":[{\"@type\":\"SearchAction\",\"target\":\"https:\/\/www.atelierdusartel.com\/?s={search_term_string}\",\"query-input\":\"required name=search_term_string\"}],\"inLanguage\":\"en-US\"},{\"@type\":\"ImageObject\",\"@id\":\"https:\/\/www.atelierdusartel.com\/en\/#primaryimage\",\"inLanguage\":\"en-US\",\"url\":\"https:\/\/www.atelierdusartel.com\/wp-content\/uploads\/2016\/05\/logo-atelier-du-sartel.jpg\",\"width\":2083,\"height\":2083,\"caption\":\"atelier du sartel\"},{\"@type\":\"WebPage\",\"@id\":\"https:\/\/www.atelierdusartel.com\/en\/#webpage\",\"url\":\"https:\/\/www.atelierdusartel.com\/en\/\",\"name\":\"atelier du Sartel\",\"isPartOf\":{\"@id\":\"https:\/\/www.atelierdusartel.com\/#website\"},\"primaryImageOfPage\":{\"@id\":\"https:\/\/www.atelierdusartel.com\/en\/#primaryimage\"},\"datePublished\":\"2016-06-27T19:16:59+00:00\",\"dateModified\":\"2016-07-31T21:34:18+00:00\",\"description\":\"atelier du Sartel est l'unique studio de cr\\u00e9ation et de design fran\\u00e7ais sp\\u00e9cialis\\u00e9 dans la maroquinerie, la chaussure et les accessoires premium et de luxe.\",\"breadcrumb\":{\"@id\":\"https:\/\/www.atelierdusartel.com\/en\/#breadcrumb\"},\"inLanguage\":\"en-US\",\"potentialAction\":[{\"@type\":\"ReadAction\",\"target\":[\"https:\/\/www.atelierdusartel.com\/en\/\"]}]},{\"@type\":\"BreadcrumbList\",\"@id\":\"https:\/\/www.atelierdusartel.com\/en\/#breadcrumb\",\"itemListElement\":[{\"@type\":\"ListItem\",\"position\":1,\"item\":{\"@type\":\"WebPage\",\"@id\":\"https:\/\/www.atelierdusartel.com\/en\/\",\"url\":\"https:\/\/www.atelierdusartel.com\/en\/\",\"name\":\"Accueil\"}},{\"@type\":\"ListItem\",\"position\":2,\"item\":{\"@type\":\"WebPage\",\"@id\":\"https:\/\/www.atelierdusartel.com\/en\/\",\"url\":\"https:\/\/www.atelierdusartel.com\/en\/\",\"name\":\"atelier du Sartel\"}}]}]}<\/script>\n<!-- \/ Yoast SEO plugin. -->","_links":{"self":[{"href":"https:\/\/www.atelierdusartel.com\/en\/wp-json\/wp\/v2\/pages\/1049"}],"collection":[{"href":"https:\/\/www.atelierdusartel.com\/en\/wp-json\/wp\/v2\/pages"}],"about":[{"href":"https:\/\/www.atelierdusartel.com\/en\/wp-json\/wp\/v2\/types\/page"}],"author":[{"embeddable":true,"href":"https:\/\/www.atelierdusartel.com\/en\/wp-json\/wp\/v2\/users\/1"}],"replies":[{"embeddable":true,"href":"https:\/\/www.atelierdusartel.com\/en\/wp-json\/wp\/v2\/comments?post=1049"}],"version-history":[{"count":7,"href":"https:\/\/www.atelierdusartel.com\/en\/wp-json\/wp\/v2\/pages\/1049\/revisions"}],"predecessor-version":[{"id":1399,"href":"https:\/\/www.atelierdusartel.com\/en\/wp-json\/wp\/v2\/pages\/1049\/revisions\/1399"}],"wp:featuredmedia":[{"embeddable":true,"href":"https:\/\/www.atelierdusartel.com\/en\/wp-json\/wp\/v2\/media\/1251"}],"wp:attachment":[{"href":"https:\/\/www.atelierdusartel.com\/en\/wp-json\/wp\/v2\/media?parent=1049"}],"curies":[{"name":"wp","href":"https:\/\/api.w.org\/{rel}","templated":true}]}}