{"id":1051,"date":"2016-06-27T21:17:57","date_gmt":"2016-06-27T19:17:57","guid":{"rendered":"http:\/\/www.atelierdusartel.com\/en\/?page_id=1051"},"modified":"2016-08-01T01:56:00","modified_gmt":"2016-07-31T23:56:00","slug":"the-studio","status":"publish","type":"page","link":"https:\/\/www.atelierdusartel.com\/en\/the-studio\/","title":{"rendered":"The studio"},"content":{"rendered":"<p>[vc_row full_width=&#8221;stretch_row_content_no_spaces&#8221; css=&#8221;.vc_custom_1467626677977{padding-top: 150px !important;padding-bottom: 150px !important;background-image: url(https:\/\/www.atelierdusartel.com\/wp-content\/uploads\/2016\/05\/Savoir-Faire.jpg?id=1009) !important;background-position: center !important;background-repeat: no-repeat !important;background-size: cover !important;}&#8221;][vc_column][\/vc_column][\/vc_row][vc_row css=&#8221;.vc_custom_1464409108415{padding-top: 40px !important;}&#8221;][vc_column][vc_wp_custommenu nav_menu=&#8221;3&#8243; el_class=&#8221;horizontal&#8221;][\/vc_column][\/vc_row][vc_row gap=&#8221;1&#8243; equal_height=&#8221;yes&#8221;][vc_column width=&#8221;1\/2&#8243; css=&#8221;.vc_custom_1464587383537{margin: 0px !important;padding: 0px !important;}&#8221;][vc_single_image image=&#8221;1229&#8243; img_size=&#8221;full&#8221; css=&#8221;.vc_custom_1467627249329{margin-bottom: 0px !important;}&#8221;][\/vc_column][vc_column width=&#8221;1\/2&#8243; css=&#8221;.vc_custom_1464587402311{margin: 0px !important;padding: 0px !important;}&#8221;][vc_single_image image=&#8221;1228&#8243; img_size=&#8221;600&#215;300&#8243; css=&#8221;.vc_custom_1467627270812{margin-bottom: 0px !important;}&#8221;][vc_column_text css=&#8221;.vc_custom_1466587427255{margin-top: 60px !important;margin-bottom: 60px !important;padding-top: 40px !important;padding-right: 40px !important;padding-bottom: 40px !important;padding-left: 40px !important;}&#8221;]<\/p>\n<h1><strong><span style=\"color: #000000;\">studio de cr\u00e9ation<\/span><\/strong><\/h1>\n<h3><strong><span style=\"color: #000000;\">Dessiner, s&#8217;inspirer, voyager,<br \/>\ns&#8217;entourer de mati\u00e8res, de couleurs&#8230;<\/span><\/strong><\/h3>\n<p>[\/vc_column_text][\/vc_column][\/vc_row][vc_row][vc_column css=&#8221;.vc_custom_1464587463771{margin: 0px !important;padding: 0px !important;}&#8221;][vc_single_image image=&#8221;1308&#8243; img_size=&#8221;full&#8221; css=&#8221;.vc_custom_1468506192707{margin-bottom: 0px !important;}&#8221;][\/vc_column][\/vc_row][vc_row equal_height=&#8221;yes&#8221;][vc_column width=&#8221;1\/2&#8243; css=&#8221;.vc_custom_1464588242095{margin: 0px !important;padding: 0px !important;}&#8221;][vc_single_image image=&#8221;1222&#8243; img_size=&#8221;full&#8221; css=&#8221;.vc_custom_1467627338233{margin-bottom: 0px !important;}&#8221;][vc_single_image image=&#8221;1230&#8243; img_size=&#8221;full&#8221; css=&#8221;.vc_custom_1467627482019{margin-bottom: 0px !important;}&#8221;][vc_single_image image=&#8221;1226&#8243; img_size=&#8221;full&#8221; css=&#8221;.vc_custom_1467627527785{margin-bottom: 0px !important;}&#8221;][\/vc_column][vc_column width=&#8221;1\/2&#8243; css=&#8221;.vc_custom_1464588249799{margin: 0px !important;padding: 0px !important;}&#8221;][vc_single_image image=&#8221;1239&#8243; img_size=&#8221;full&#8221; css=&#8221;.vc_custom_1467627453994{margin-bottom: 0px !important;}&#8221;][vc_single_image image=&#8221;1223&#8243; img_size=&#8221;full&#8221; css=&#8221;.vc_custom_1467627501111{margin-bottom: 0px !important;}&#8221;][vc_single_image image=&#8221;1231&#8243; img_size=&#8221;full&#8221; css=&#8221;.vc_custom_1467627546112{margin-bottom: 0px !important;}&#8221;][\/vc_column][\/vc_row][vc_row][vc_column css=&#8221;.vc_custom_1464587463771{margin: 0px !important;padding: 0px !important;}&#8221;][vc_single_image image=&#8221;322&#8243; img_size=&#8221;full&#8221; css=&#8221;.vc_custom_1465195980199{margin-bottom: 0px !important;}&#8221;][\/vc_column][\/vc_row][vc_row equal_height=&#8221;yes&#8221;][vc_column width=&#8221;1\/2&#8243; css=&#8221;.vc_custom_1464588242095{margin: 0px !important;padding: 0px !important;}&#8221;][vc_empty_space][vc_single_image image=&#8221;1224&#8243; img_size=&#8221;full&#8221; css=&#8221;.vc_custom_1467627645230{margin-bottom: 0px !important;}&#8221;][vc_empty_space][vc_single_image image=&#8221;1232&#8243; img_size=&#8221;full&#8221; css=&#8221;.vc_custom_1467627685405{margin-bottom: 0px !important;}&#8221;][\/vc_column][vc_column width=&#8221;1\/2&#8243; css=&#8221;.vc_custom_1464588249799{margin: 0px !important;padding: 0px !important;}&#8221;][vc_single_image image=&#8221;1233&#8243; img_size=&#8221;full&#8221; css=&#8221;.vc_custom_1467627663768{margin-bottom: 0px !important;}&#8221;][vc_empty_space height=&#8221;64px&#8221;][vc_single_image image=&#8221;1225&#8243; img_size=&#8221;full&#8221; css=&#8221;.vc_custom_1467627725995{margin-bottom: 0px !important;}&#8221;][\/vc_column][\/vc_row][vc_row][vc_column][vc_empty_space height=&#8221;70px&#8221;][\/vc_column][\/vc_row]<\/p>\n","protected":false},"excerpt":{"rendered":"<p>[vc_row full_width=&#8221;stretch_row_content_no_spaces&#8221; css=&#8221;.vc_custom_1467626677977{padding-top: 150px !important;padding-bottom: 150px !important;background-image: url(https:\/\/www.atelierdusartel.com\/wp-content\/uploads\/2016\/05\/Savoir-Faire.jpg?id=1009) !important;background-position: center !important;background-repeat: no-repeat !important;background-size: cover !important;}&#8221;][vc_column][\/vc_column][\/vc_row][vc_row css=&#8221;.vc_custom_1464409108415{padding-top: 40px !important;}&#8221;][vc_column][vc_wp_custommenu&#8230;<\/p>\n","protected":false},"author":1,"featured_media":1251,"parent":0,"menu_order":0,"comment_status":"closed","ping_status":"closed","template":"","meta":[],"yoast_head":"<!-- This site is optimized with the Yoast SEO plugin v16.0.2 - https:\/\/yoast.com\/wordpress\/plugins\/seo\/ -->\n<meta name=\"description\" content=\"atelier du Sartel est l&#039;unique studio de cr\u00e9ation et de design fran\u00e7ais sp\u00e9cialis\u00e9 dans la maroquinerie, la chaussure et les accessoires premium et de luxe.\" \/>\n<link rel=\"canonical\" href=\"https:\/\/www.atelierdusartel.com\/en\/the-studio\/\" \/>\n<meta property=\"og:locale\" content=\"en_US\" \/>\n<meta property=\"og:type\" content=\"article\" \/>\n<meta property=\"og:title\" content=\"atelier du Sartel - welcome to the studio\" \/>\n<meta property=\"og:description\" content=\"atelier du Sartel est l&#039;unique studio de cr\u00e9ation et de design fran\u00e7ais sp\u00e9cialis\u00e9 dans la maroquinerie, la chaussure et les accessoires premium et de luxe.\" \/>\n<meta property=\"og:url\" content=\"https:\/\/www.atelierdusartel.com\/en\/the-studio\/\" \/>\n<meta property=\"og:site_name\" content=\"atelier du Sartel\" \/>\n<meta property=\"article:publisher\" content=\"https:\/\/www.facebook.com\/Atelier-Du-Sartel-190788850238\" \/>\n<meta property=\"article:modified_time\" content=\"2016-07-31T23:56:00+00:00\" \/>\n<meta property=\"og:image\" content=\"https:\/\/www.atelierdusartel.com\/wp-content\/uploads\/2016\/05\/logo-atelier-du-sartel.jpg\" \/>\n\t<meta property=\"og:image:width\" content=\"2083\" \/>\n\t<meta property=\"og:image:height\" content=\"2083\" \/>\n<meta name=\"twitter:card\" content=\"summary\" \/>\n<meta name=\"twitter:site\" content=\"@atelierdusartel\" \/>\n<meta name=\"twitter:label1\" content=\"Est. reading time\">\n\t<meta name=\"twitter:data1\" content=\"2 minutes\">\n<script type=\"application\/ld+json\" class=\"yoast-schema-graph\">{\"@context\":\"https:\/\/schema.org\",\"@graph\":[{\"@type\":\"WebSite\",\"@id\":\"https:\/\/www.atelierdusartel.com\/#website\",\"url\":\"https:\/\/www.atelierdusartel.com\/\",\"name\":\"atelier du Sartel\",\"description\":\"Studio fran\\u00e7ais de design en maroquinerie, chaussures et accessoires de mode.\",\"potentialAction\":[{\"@type\":\"SearchAction\",\"target\":\"https:\/\/www.atelierdusartel.com\/?s={search_term_string}\",\"query-input\":\"required name=search_term_string\"}],\"inLanguage\":\"en-US\"},{\"@type\":\"ImageObject\",\"@id\":\"https:\/\/www.atelierdusartel.com\/en\/the-studio\/#primaryimage\",\"inLanguage\":\"en-US\",\"url\":\"https:\/\/www.atelierdusartel.com\/wp-content\/uploads\/2016\/05\/logo-atelier-du-sartel.jpg\",\"width\":2083,\"height\":2083,\"caption\":\"atelier du sartel\"},{\"@type\":\"WebPage\",\"@id\":\"https:\/\/www.atelierdusartel.com\/en\/the-studio\/#webpage\",\"url\":\"https:\/\/www.atelierdusartel.com\/en\/the-studio\/\",\"name\":\"atelier du Sartel - welcome to the studio\",\"isPartOf\":{\"@id\":\"https:\/\/www.atelierdusartel.com\/#website\"},\"primaryImageOfPage\":{\"@id\":\"https:\/\/www.atelierdusartel.com\/en\/the-studio\/#primaryimage\"},\"datePublished\":\"2016-06-27T19:17:57+00:00\",\"dateModified\":\"2016-07-31T23:56:00+00:00\",\"description\":\"atelier du Sartel est l'unique studio de cr\\u00e9ation et de design fran\\u00e7ais sp\\u00e9cialis\\u00e9 dans la maroquinerie, la chaussure et les accessoires premium et de luxe.\",\"breadcrumb\":{\"@id\":\"https:\/\/www.atelierdusartel.com\/en\/the-studio\/#breadcrumb\"},\"inLanguage\":\"en-US\",\"potentialAction\":[{\"@type\":\"ReadAction\",\"target\":[\"https:\/\/www.atelierdusartel.com\/en\/the-studio\/\"]}]},{\"@type\":\"BreadcrumbList\",\"@id\":\"https:\/\/www.atelierdusartel.com\/en\/the-studio\/#breadcrumb\",\"itemListElement\":[{\"@type\":\"ListItem\",\"position\":1,\"item\":{\"@type\":\"WebPage\",\"@id\":\"https:\/\/www.atelierdusartel.com\/en\/\",\"url\":\"https:\/\/www.atelierdusartel.com\/en\/\",\"name\":\"Accueil\"}},{\"@type\":\"ListItem\",\"position\":2,\"item\":{\"@type\":\"WebPage\",\"@id\":\"https:\/\/www.atelierdusartel.com\/en\/the-studio\/\",\"url\":\"https:\/\/www.atelierdusartel.com\/en\/the-studio\/\",\"name\":\"The studio\"}}]}]}<\/script>\n<!-- \/ Yoast SEO plugin. -->","_links":{"self":[{"href":"https:\/\/www.atelierdusartel.com\/en\/wp-json\/wp\/v2\/pages\/1051"}],"collection":[{"href":"https:\/\/www.atelierdusartel.com\/en\/wp-json\/wp\/v2\/pages"}],"about":[{"href":"https:\/\/www.atelierdusartel.com\/en\/wp-json\/wp\/v2\/types\/page"}],"author":[{"embeddable":true,"href":"https:\/\/www.atelierdusartel.com\/en\/wp-json\/wp\/v2\/users\/1"}],"replies":[{"embeddable":true,"href":"https:\/\/www.atelierdusartel.com\/en\/wp-json\/wp\/v2\/comments?post=1051"}],"version-history":[{"count":6,"href":"https:\/\/www.atelierdusartel.com\/en\/wp-json\/wp\/v2\/pages\/1051\/revisions"}],"predecessor-version":[{"id":1462,"href":"https:\/\/www.atelierdusartel.com\/en\/wp-json\/wp\/v2\/pages\/1051\/revisions\/1462"}],"wp:featuredmedia":[{"embeddable":true,"href":"https:\/\/www.atelierdusartel.com\/en\/wp-json\/wp\/v2\/media\/1251"}],"wp:attachment":[{"href":"https:\/\/www.atelierdusartel.com\/en\/wp-json\/wp\/v2\/media?parent=1051"}],"curies":[{"name":"wp","href":"https:\/\/api.w.org\/{rel}","templated":true}]}}