{"id":1053,"date":"2016-06-27T21:18:09","date_gmt":"2016-06-27T19:18:09","guid":{"rendered":"http:\/\/www.atelierdusartel.com\/en\/?page_id=1053"},"modified":"2016-07-14T17:48:47","modified_gmt":"2016-07-14T15:48:47","slug":"team","status":"publish","type":"page","link":"https:\/\/www.atelierdusartel.com\/en\/team\/","title":{"rendered":"Team"},"content":{"rendered":"<p>[vc_row full_width=&#8221;stretch_row_content_no_spaces&#8221; parallax=&#8221;content-moving&#8221; css=&#8221;.vc_custom_1468511253693{padding-top: 150px !important;padding-bottom: 150px !important;background-image: url(https:\/\/www.atelierdusartel.com\/wp-content\/uploads\/2016\/06\/ADS_headers_pagesequipe.jpg?id=1327) !important;background-position: 0 0;background-repeat: no-repeat !important;}&#8221;][vc_column][\/vc_column][\/vc_row][vc_row css=&#8221;.vc_custom_1464409108415{padding-top: 40px !important;}&#8221;][vc_column][vc_wp_custommenu nav_menu=&#8221;28&#8243; el_class=&#8221;horizontal&#8221;][\/vc_column][\/vc_row][vc_row equal_height=&#8221;yes&#8221; content_placement=&#8221;bottom&#8221;][vc_column width=&#8221;2\/3&#8243; el_class=&#8221;valign-middle&#8221; css=&#8221;.vc_custom_1464378047063{padding-top: 100px !important;padding-right: 60px !important;padding-bottom: 100px !important;padding-left: 60px !important;}&#8221;][vc_column_text]<\/p>\n<h1 class=\"p1\"><span class=\"s1\"><b>Des cr\u00e9ateurs au service de cr\u00e9ateurs<\/b><\/span><\/h1>\n<p>[\/vc_column_text][vc_column_text]<\/p>\n<h3 class=\"p1\"><span class=\"s1\"><b>Guid\u00e9e par la passion et l\u2019expertise de son <\/b><\/span><b>fondateur, une \u00e9quipe de dix personnes qui <\/b><span class=\"s1\"><b>s\u2019investit au quotidien pour r\u00e9ussir chaque projet en \u00e9troite collaboration avec les marques.<\/b><\/span><\/h3>\n<p>[\/vc_column_text][\/vc_column][vc_column width=&#8221;1\/3&#8243;][\/vc_column][\/vc_row][vc_row el_class=&#8221;portraits&#8221;][vc_column width=&#8221;1\/3&#8243; css=&#8221;.vc_custom_1464591095282{padding: 40px !important;}&#8221;][vc_column_text css=&#8221;.vc_custom_1467067671591{margin-bottom: 10px !important;}&#8221;]<\/p>\n<h5 class=\"p1\"><b>Vincent du Sartel<br \/>\n<\/b><b>Creative Director, C.E.O.<\/b><\/h5>\n<p>[\/vc_column_text][vc_single_image image=&#8221;1143&#8243; img_size=&#8221;&#8221; onclick=&#8221;custom_link&#8221; css_animation=&#8221;bottom-to-top&#8221; link=&#8221;https:\/\/www.atelierdusartel.com\/2016\/06\/22\/portrait-2-vincent-du-sartel\/&#8221;][vc_btn title=&#8221;VOIR SON PORTRAIT&#8221; style=&#8221;outline&#8221; shape=&#8221;square&#8221; color=&#8221;black&#8221; size=&#8221;sm&#8221; align=&#8221;left&#8221; link=&#8221;url:http%3A%2F%2Fwww.atelierdusartel.com%2F2016%2F06%2F22%2Fportrait-2-vincent-du-sartel%2F||&#8221;][vc_column_text]<\/p>\n<h3 style=\"text-align: left;\"><strong>\u00abNous travaillons avec\u00a0<\/strong><strong>vous, pour trouver des\u00a0<\/strong><strong>r\u00e9ponses strat\u00e9giques,\u00a0<\/strong><strong>pertinentes et p\u00e9rennes \u00e0\u00a0<\/strong><strong>vos probl\u00e9matiques.\u00bb<\/strong><\/h3>\n<p>[\/vc_column_text][\/vc_column][vc_column width=&#8221;1\/3&#8243; css=&#8221;.vc_custom_1464592169113{padding-top: 40px !important;padding-right: 40px !important;padding-bottom: 40px !important;padding-left: 40px !important;}&#8221;][vc_empty_space height=&#8221;50px&#8221;][vc_column_text css=&#8221;.vc_custom_1467067725022{margin-bottom: 10px !important;}&#8221;]<\/p>\n<h5 class=\"p1\"><b>Sergio A. Hernandez<br \/>\nSenior Design Project Manager<\/b><\/h5>\n<p>[\/vc_column_text][vc_single_image image=&#8221;992&#8243; img_size=&#8221;large&#8221; alignment=&#8221;center&#8221; css_animation=&#8221;bottom-to-top&#8221;][vc_btn title=&#8221;VOIR SON PORTRAIT&#8221; style=&#8221;outline&#8221; shape=&#8221;square&#8221; color=&#8221;black&#8221; size=&#8221;sm&#8221; align=&#8221;left&#8221; link=&#8221;url:http%3A%2F%2Fwww.atelierdusartel.com%2F2016%2F07%2F14%2Fportrait-4-sergio-hernandez-andrade%2F||&#8221;][\/vc_column][vc_column width=&#8221;1\/3&#8243; css=&#8221;.vc_custom_1464591558771{padding: 40px !important;}&#8221;][vc_empty_space height=&#8221;50px&#8221;][vc_column_text css=&#8221;.vc_custom_1467068220134{margin-bottom: 10px !important;}&#8221;]<\/p>\n<h5 class=\"p1\"><b>Alix de Chaunac<br \/>\n<\/b><span class=\"s1\"><b>Chief Operating Officer<\/b><\/span><\/h5>\n<p>[\/vc_column_text][vc_single_image image=&#8221;993&#8243; img_size=&#8221;&#8221; onclick=&#8221;custom_link&#8221; css_animation=&#8221;bottom-to-top&#8221; link=&#8221;https:\/\/www.atelierdusartel.com\/2016\/05\/26\/alix-de-chaunac\/&#8221;][vc_btn title=&#8221;VOIR SON PORTRAIT&#8221; style=&#8221;outline&#8221; shape=&#8221;square&#8221; color=&#8221;black&#8221; size=&#8221;sm&#8221; align=&#8221;left&#8221; link=&#8221;url:http%3A%2F%2Fwww.atelierdusartel.com%2F2016%2F05%2F26%2Falix-de-chaunac%2F||&#8221;][\/vc_column][\/vc_row][vc_row el_class=&#8221;portraits&#8221;][vc_column width=&#8221;1\/3&#8243; css=&#8221;.vc_custom_1464591095282{padding: 40px !important;}&#8221;][\/vc_column][vc_column width=&#8221;1\/3&#8243; css=&#8221;.vc_custom_1464592169113{padding-top: 40px !important;padding-right: 40px !important;padding-bottom: 40px !important;padding-left: 40px !important;}&#8221;][vc_column_text css=&#8221;.vc_custom_1467068333480{margin-bottom: 10px !important;}&#8221;]<\/p>\n<h5 class=\"p1\"><strong>Valentina Xu<\/strong><br \/>\n<strong>Asia Business Director<\/strong><\/h5>\n<p>[\/vc_column_text][vc_single_image image=&#8221;1142&#8243; img_size=&#8221;&#8221; css_animation=&#8221;bottom-to-top&#8221;][\/vc_column][vc_column width=&#8221;1\/3&#8243; css=&#8221;.vc_custom_1464591558771{padding: 40px !important;}&#8221;][vc_column_text css=&#8221;.vc_custom_1467068374082{margin-bottom: 10px !important;}&#8221;]<\/p>\n<h5 class=\"p1\"><strong>Catherine Crochon<\/strong><br \/>\n<strong>VP Business Development USA<\/strong><\/h5>\n<p>[\/vc_column_text][vc_single_image image=&#8221;1137&#8243; img_size=&#8221;&#8221; css_animation=&#8221;bottom-to-top&#8221;][\/vc_column][\/vc_row][vc_row el_class=&#8221;portraits&#8221;][vc_column width=&#8221;1\/3&#8243; css=&#8221;.vc_custom_1464591095282{padding: 40px !important;}&#8221;][vc_column_text css=&#8221;.vc_custom_1467067737884{margin-bottom: 10px !important;}&#8221;]<\/p>\n<h5 class=\"p1\"><b>Lucile Costey<br \/>\nSenior Design Project Manager<\/b><\/h5>\n<p>[\/vc_column_text][vc_single_image image=&#8221;1141&#8243; img_size=&#8221;large&#8221; css_animation=&#8221;bottom-to-top&#8221;][\/vc_column][vc_column width=&#8221;1\/3&#8243; css=&#8221;.vc_custom_1464592169113{padding-top: 40px !important;padding-right: 40px !important;padding-bottom: 40px !important;padding-left: 40px !important;}&#8221;][vc_empty_space height=&#8221;50px&#8221;][vc_column_text css=&#8221;.vc_custom_1467067900971{margin-bottom: 10px !important;}&#8221;]<\/p>\n<h5 class=\"p1\"><b>Eric Lav\u00e9drine<br \/>\n<\/b><b>Senior Design Project Manager<\/b><\/h5>\n<p>[\/vc_column_text][vc_single_image image=&#8221;1138&#8243; img_size=&#8221;large&#8221; css_animation=&#8221;bottom-to-top&#8221;][\/vc_column][vc_column width=&#8221;1\/3&#8243; css=&#8221;.vc_custom_1464591558771{padding: 40px !important;}&#8221;][vc_column_text css=&#8221;.vc_custom_1467068143965{margin-bottom: 10px !important;}&#8221;]<\/p>\n<h5 class=\"p1\"><b>Christelle Ja\u00efs<br \/>\n<\/b><b>Executive Assistant<\/b><\/h5>\n<p>[\/vc_column_text][vc_single_image image=&#8221;1144&#8243; img_size=&#8221;&#8221; css_animation=&#8221;bottom-to-top&#8221;][vc_empty_space height=&#8221;50px&#8221;][\/vc_column][\/vc_row][vc_row el_class=&#8221;portraits&#8221;][vc_column width=&#8221;1\/3&#8243; css=&#8221;.vc_custom_1464591095282{padding: 40px !important;}&#8221;][vc_column_text css=&#8221;.vc_custom_1467068917345{margin-bottom: 10px !important;}&#8221;]<\/p>\n<h5 class=\"p1\"><b>H\u00e9lo\u00efse\u00a0\u00c9douard<br \/>\n<\/b><b>Design Project Manager<\/b><\/h5>\n<p>[\/vc_column_text][vc_single_image image=&#8221;995&#8243; img_size=&#8221;&#8221; css_animation=&#8221;bottom-to-top&#8221;][vc_btn title=&#8221;VOIR SON PORTRAIT&#8221; style=&#8221;outline&#8221; shape=&#8221;square&#8221; color=&#8221;black&#8221; size=&#8221;sm&#8221; align=&#8221;left&#8221; link=&#8221;url:http%3A%2F%2Fwww.atelierdusartel.com%2F2016%2F06%2F22%2Fportrait-3-heloise-edouard%2F||&#8221;][\/vc_column][vc_column width=&#8221;1\/3&#8243; css=&#8221;.vc_custom_1464592169113{padding-top: 40px !important;padding-right: 40px !important;padding-bottom: 40px !important;padding-left: 40px !important;}&#8221;][vc_column_text css=&#8221;.vc_custom_1467067959505{margin-bottom: 10px !important;}&#8221;]<\/p>\n<h5 class=\"p1\"><b>Fabrice Vigano-G\u00e9ry<br \/>\nProduct Development Manager<\/b><\/h5>\n<p>[\/vc_column_text][vc_single_image image=&#8221;1139&#8243; img_size=&#8221;&#8221; css_animation=&#8221;bottom-to-top&#8221;][\/vc_column][vc_column width=&#8221;1\/3&#8243; css=&#8221;.vc_custom_1464591558771{padding: 40px !important;}&#8221;][vc_column_text css=&#8221;.vc_custom_1467067999306{margin-bottom: 10px !important;}&#8221;]<\/p>\n<h5 class=\"p1\"><b>Lucie Jourdain<br \/>\n<\/b><b>Design Project Manager<\/b><\/h5>\n<p>[\/vc_column_text][vc_single_image image=&#8221;1140&#8243; img_size=&#8221;&#8221; css_animation=&#8221;bottom-to-top&#8221;][\/vc_column][\/vc_row]<\/p>\n","protected":false},"excerpt":{"rendered":"<p>[vc_row full_width=&#8221;stretch_row_content_no_spaces&#8221; parallax=&#8221;content-moving&#8221; css=&#8221;.vc_custom_1468511253693{padding-top: 150px !important;padding-bottom: 150px !important;background-image: url(https:\/\/www.atelierdusartel.com\/wp-content\/uploads\/2016\/06\/ADS_headers_pagesequipe.jpg?id=1327) !important;background-position: 0 0;background-repeat: no-repeat !important;}&#8221;][vc_column][\/vc_column][\/vc_row][vc_row css=&#8221;.vc_custom_1464409108415{padding-top: 40px !important;}&#8221;][vc_column][vc_wp_custommenu nav_menu=&#8221;28&#8243;&#8230;<\/p>\n","protected":false},"author":1,"featured_media":0,"parent":0,"menu_order":0,"comment_status":"closed","ping_status":"closed","template":"","meta":[],"yoast_head":"<!-- This site is optimized with the Yoast SEO plugin v16.0.2 - https:\/\/yoast.com\/wordpress\/plugins\/seo\/ -->\n<meta name=\"description\" content=\"atelier du Sartel est une \u00e9quipe de cr\u00e9ation et de design fran\u00e7ais sp\u00e9cialis\u00e9 dans la maroquinerie, la chaussure et les accessoires premium et de luxe.\" \/>\n<link rel=\"canonical\" href=\"https:\/\/www.atelierdusartel.com\/en\/team\/\" \/>\n<meta property=\"og:locale\" content=\"en_US\" \/>\n<meta property=\"og:type\" content=\"article\" \/>\n<meta property=\"og:title\" content=\"\u00e9quipe de cr\u00e9ation\" \/>\n<meta property=\"og:description\" content=\"atelier du Sartel est une \u00e9quipe de cr\u00e9ation et de design fran\u00e7ais sp\u00e9cialis\u00e9 dans la maroquinerie, la chaussure et les accessoires premium et de luxe.\" \/>\n<meta property=\"og:url\" content=\"https:\/\/www.atelierdusartel.com\/en\/team\/\" \/>\n<meta property=\"og:site_name\" content=\"atelier du Sartel\" \/>\n<meta property=\"article:publisher\" content=\"https:\/\/www.facebook.com\/Atelier-Du-Sartel-190788850238\" \/>\n<meta property=\"article:modified_time\" content=\"2016-07-14T15:48:47+00:00\" \/>\n<meta name=\"twitter:card\" content=\"summary\" \/>\n<meta name=\"twitter:site\" content=\"@atelierdusartel\" \/>\n<meta name=\"twitter:label1\" content=\"Est. reading time\">\n\t<meta name=\"twitter:data1\" content=\"4 minutes\">\n<script type=\"application\/ld+json\" class=\"yoast-schema-graph\">{\"@context\":\"https:\/\/schema.org\",\"@graph\":[{\"@type\":\"WebSite\",\"@id\":\"https:\/\/www.atelierdusartel.com\/#website\",\"url\":\"https:\/\/www.atelierdusartel.com\/\",\"name\":\"atelier du Sartel\",\"description\":\"Studio fran\\u00e7ais de design en maroquinerie, chaussures et accessoires de mode.\",\"potentialAction\":[{\"@type\":\"SearchAction\",\"target\":\"https:\/\/www.atelierdusartel.com\/?s={search_term_string}\",\"query-input\":\"required name=search_term_string\"}],\"inLanguage\":\"en-US\"},{\"@type\":\"WebPage\",\"@id\":\"https:\/\/www.atelierdusartel.com\/en\/team\/#webpage\",\"url\":\"https:\/\/www.atelierdusartel.com\/en\/team\/\",\"name\":\"\\u00e9quipe de cr\\u00e9ation\",\"isPartOf\":{\"@id\":\"https:\/\/www.atelierdusartel.com\/#website\"},\"datePublished\":\"2016-06-27T19:18:09+00:00\",\"dateModified\":\"2016-07-14T15:48:47+00:00\",\"description\":\"atelier du Sartel est une \\u00e9quipe de cr\\u00e9ation et de design fran\\u00e7ais sp\\u00e9cialis\\u00e9 dans la maroquinerie, la chaussure et les accessoires premium et de luxe.\",\"breadcrumb\":{\"@id\":\"https:\/\/www.atelierdusartel.com\/en\/team\/#breadcrumb\"},\"inLanguage\":\"en-US\",\"potentialAction\":[{\"@type\":\"ReadAction\",\"target\":[\"https:\/\/www.atelierdusartel.com\/en\/team\/\"]}]},{\"@type\":\"BreadcrumbList\",\"@id\":\"https:\/\/www.atelierdusartel.com\/en\/team\/#breadcrumb\",\"itemListElement\":[{\"@type\":\"ListItem\",\"position\":1,\"item\":{\"@type\":\"WebPage\",\"@id\":\"https:\/\/www.atelierdusartel.com\/en\/\",\"url\":\"https:\/\/www.atelierdusartel.com\/en\/\",\"name\":\"Accueil\"}},{\"@type\":\"ListItem\",\"position\":2,\"item\":{\"@type\":\"WebPage\",\"@id\":\"https:\/\/www.atelierdusartel.com\/en\/team\/\",\"url\":\"https:\/\/www.atelierdusartel.com\/en\/team\/\",\"name\":\"Team\"}}]}]}<\/script>\n<!-- \/ Yoast SEO plugin. -->","_links":{"self":[{"href":"https:\/\/www.atelierdusartel.com\/en\/wp-json\/wp\/v2\/pages\/1053"}],"collection":[{"href":"https:\/\/www.atelierdusartel.com\/en\/wp-json\/wp\/v2\/pages"}],"about":[{"href":"https:\/\/www.atelierdusartel.com\/en\/wp-json\/wp\/v2\/types\/page"}],"author":[{"embeddable":true,"href":"https:\/\/www.atelierdusartel.com\/en\/wp-json\/wp\/v2\/users\/1"}],"replies":[{"embeddable":true,"href":"https:\/\/www.atelierdusartel.com\/en\/wp-json\/wp\/v2\/comments?post=1053"}],"version-history":[{"count":7,"href":"https:\/\/www.atelierdusartel.com\/en\/wp-json\/wp\/v2\/pages\/1053\/revisions"}],"predecessor-version":[{"id":1332,"href":"https:\/\/www.atelierdusartel.com\/en\/wp-json\/wp\/v2\/pages\/1053\/revisions\/1332"}],"wp:attachment":[{"href":"https:\/\/www.atelierdusartel.com\/en\/wp-json\/wp\/v2\/media?parent=1053"}],"curies":[{"name":"wp","href":"https:\/\/api.w.org\/{rel}","templated":true}]}}