{"id":1078,"date":"2016-06-27T21:23:00","date_gmt":"2016-06-27T19:23:00","guid":{"rendered":"http:\/\/www.atelierdusartel.com\/en\/?page_id=1078"},"modified":"2016-07-14T16:17:38","modified_gmt":"2016-07-14T14:17:38","slug":"know-how","status":"publish","type":"page","link":"https:\/\/www.atelierdusartel.com\/en\/know-how\/","title":{"rendered":"Know-how"},"content":{"rendered":"<p>[vc_row full_width=&#8221;stretch_row_content_no_spaces&#8221; parallax=&#8221;content-moving&#8221; css=&#8221;.vc_custom_1468505213938{padding-top: 150px !important;padding-bottom: 150px !important;background-image: url(https:\/\/www.atelierdusartel.com\/wp-content\/uploads\/2016\/05\/ADS_headers_pages-savoir-faire.jpg?id=1299) !important;background-position: center;background-repeat: no-repeat !important;background-size: cover !important;}&#8221;][vc_column][\/vc_column][\/vc_row][vc_row css=&#8221;.vc_custom_1464409108415{padding-top: 40px !important;}&#8221;][vc_column][vc_wp_custommenu nav_menu=&#8221;3&#8243; el_class=&#8221;horizontal&#8221;][\/vc_column][\/vc_row][vc_row equal_height=&#8221;yes&#8221; content_placement=&#8221;bottom&#8221;][vc_column width=&#8221;2\/3&#8243; el_class=&#8221;valign-middle&#8221; css=&#8221;.vc_custom_1466500754212{padding-top: 0px !important;padding-right: 0px !important;padding-bottom: 0px !important;padding-left: 0px !important;}&#8221;][vc_column_text]<\/p>\n<h1 class=\"p1\"><b>savoir-faire<\/b><\/h1>\n<p>[\/vc_column_text][vc_column_text]<\/p>\n<h3 class=\"p1\"><b>Transposer les technologies de pointe, exploiter de nouveaux mat\u00e9riaux pour cr\u00e9er des mati\u00e8res rares et des produits innovants, dans le respect et la parfaite connaissance des m\u00e9tiers d\u2019art qui font le monde de la maroquinerie et de la chaussure, tel est le savoir-faire qu\u2019apporte atelier du Sartel \u00e0 ses clients.<\/b><\/h3>\n<h3 class=\"p1\"><b>Un travail d\u2019atelier \u00e0 la fran\u00e7aise qui s\u2019effectue gr\u00e2ce \u00e0 un r\u00e9seau choisi d\u2019artisans et de fabricants\u00a0: tanneurs, tisseurs, bijoutiers, brodeurs, fa\u00e7onniers. Un r\u00e9seau international construit, ann\u00e9e apr\u00e8s ann\u00e9e, au fil de rencontres et\u00a0d\u2019exp\u00e9riences r\u00e9ussies.<\/b><\/h3>\n<p>[\/vc_column_text][\/vc_column][vc_column width=&#8221;1\/3&#8243; css=&#8221;.vc_custom_1464377356813{padding-right: 0px !important;padding-left: 0px !important;}&#8221;][vc_single_image image=&#8221;871&#8243; img_size=&#8221;medium&#8221; alignment=&#8221;center&#8221; css_animation=&#8221;bottom-to-top&#8221;][\/vc_column][\/vc_row][vc_row equal_height=&#8221;yes&#8221; content_placement=&#8221;bottom&#8221;][vc_column el_class=&#8221;valign-middle&#8221; css=&#8221;.vc_custom_1466505118986{padding-top: 0px !important;padding-right: 0px !important;padding-bottom: 0px !important;padding-left: 0px !important;}&#8221;][vc_separator color=&#8221;white&#8221;][\/vc_column][\/vc_row][vc_row equal_height=&#8221;yes&#8221; content_placement=&#8221;bottom&#8221;][vc_column width=&#8221;1\/3&#8243; el_class=&#8221;valign-middle&#8221; css=&#8221;.vc_custom_1466501823577{padding-top: 10px !important;padding-right: 10px !important;padding-bottom: 10px !important;padding-left: 10px !important;}&#8221;][vc_column_text css=&#8221;.vc_custom_1467623609055{margin-top: 0px !important;margin-right: 0px !important;margin-bottom: 0px !important;margin-left: 0px !important;}&#8221;]<\/p>\n<h3 class=\"p1\"><span style=\"color: #000000;\"><span class=\"s1\"><b>cr\u00e9er\u00a0<\/b><\/span><span class=\"s1\"><b>l\u2019inattendu<\/b><\/span><\/span><\/h3>\n<h5 class=\"p1\"><span style=\"color: #000000;\"><b>Savoir r\u00e9interpr\u00e9ter l\u2019imaginaire de grands cr\u00e9ateurs dans une ligne de maroquinerie surprenante, inattendue\u00a0: une fa\u00e7on de regarder \u00ab\u2009hors champ\u2009\u00bb.<\/b><\/span><\/h5>\n<p>[\/vc_column_text][vc_empty_space][vc_single_image image=&#8221;880&#8243; img_size=&#8221;large&#8221; alignment=&#8221;center&#8221; css_animation=&#8221;bottom-to-top&#8221;][vc_separator color=&#8221;white&#8221;][vc_empty_space][vc_column_text]<\/p>\n<h3 class=\"p1\"><span style=\"color: #000000;\"><span class=\"s1\"><b>inventer\u00a0<\/b><\/span><b>un style<\/b><\/span><\/h3>\n<h5 class=\"p1\"><span style=\"color: #000000;\"><b>Comprendre les sp\u00e9cificit\u00e9s d\u2019une marque sur son march\u00e9, la rendre plus spectaculaire. Garder son caract\u00e8re unique tout en lui apportant une dimension internationale.<\/b><\/span><\/h5>\n<p>[\/vc_column_text][vc_empty_space][vc_single_image image=&#8221;876&#8243; img_size=&#8221;large&#8221; alignment=&#8221;center&#8221; css_animation=&#8221;bottom-to-top&#8221;][vc_separator color=&#8221;white&#8221;][vc_empty_space][vc_column_text]<\/p>\n<h3 class=\"p1\"><span style=\"color: #000000;\"><span class=\"s1\"><b>produire\u00a0<\/b><\/span><span class=\"s1\"><b>l\u2019excellence<\/b><\/span><\/span><\/h3>\n<h5 class=\"p1\"><span style=\"color: #000000;\"><b>Magnifier l\u2019exigence et le raffinement.\u00a0Cr\u00e9er des codes de maroquinerie adapt\u00e9s au luxe et l\u2019exception.<\/b><\/span><\/h5>\n<p>[\/vc_column_text][vc_empty_space][vc_single_image image=&#8221;878&#8243; img_size=&#8221;large&#8221; alignment=&#8221;center&#8221; css_animation=&#8221;bottom-to-top&#8221;][vc_separator color=&#8221;white&#8221;][\/vc_column][vc_column width=&#8221;1\/3&#8243; css=&#8221;.vc_custom_1466501808806{padding-top: 10px !important;padding-right: 10px !important;padding-bottom: 10px !important;padding-left: 10px !important;}&#8221;][vc_empty_space height=&#8221;150&#8243;][vc_column_text]<\/p>\n<h3 class=\"p1\"><span class=\"s1\" style=\"color: #000000;\"><b>ennoblir\u00a0la mati\u00e8re<\/b><\/span><\/h3>\n<h5 class=\"p1\"><span style=\"color: #000000;\"><b>D\u00e9velopper des cuirs d\u2019exception. Transcrire des savoir-faire et des technologies de pointe pour cr\u00e9er des mati\u00e8res rares et exclusives.<\/b><\/span><\/h5>\n<p>[\/vc_column_text][vc_empty_space][vc_single_image image=&#8221;1208&#8243; img_size=&#8221;large&#8221; alignment=&#8221;center&#8221; css_animation=&#8221;bottom-to-top&#8221;][vc_separator color=&#8221;white&#8221;][vc_empty_space][vc_column_text]<\/p>\n<h3 class=\"p1\"><span style=\"color: #000000;\"><span class=\"s1\"><b>cr\u00e9er <\/b><\/span><span class=\"s1\"><b>des\u00a0<\/b><\/span><span class=\"s1\"><b>ic\u00f4nes<\/b><\/span><\/span><\/h3>\n<h5 class=\"p1\"><span style=\"color: #000000;\"><b>Apporter \u00e0 une marque le succ\u00e8s d\u2019un it-bag pl\u00e9biscit\u00e9 par la presse et les r\u00e9seaux de tendances internationaux. Concevoir les codes identitaires en parfaite coh\u00e9rence avec l\u2019univers cr\u00e9atif des marques.\u00a0D\u00e9velopper des collections iconiques, r\u00e9f\u00e9rences embl\u00e9matiques des maisons.<\/b><\/span><\/h5>\n<p>[\/vc_column_text][vc_empty_space][vc_single_image image=&#8221;881&#8243; img_size=&#8221;large&#8221; alignment=&#8221;center&#8221; css_animation=&#8221;bottom-to-top&#8221;][vc_separator color=&#8221;white&#8221;][\/vc_column][vc_column width=&#8221;1\/3&#8243; css=&#8221;.vc_custom_1466501835187{padding-top: 10px !important;padding-right: 10px !important;padding-bottom: 10px !important;padding-left: 10px !important;}&#8221;][vc_column_text]<\/p>\n<h3 class=\"p1\"><span style=\"color: #000000;\"><span class=\"s1\"><b>penser\u00a0<\/b><\/span><span class=\"s1\"><b>business<\/b><\/span><\/span><\/h3>\n<h5 class=\"p1\"><span style=\"color: #000000;\"><b>Accompagner les marques dans le d\u00e9veloppement de leur chiffre d\u2019affaires par la\u00a0mise en place d\u2019un business unit performant. Identification des meilleurs experts. Contr\u00f4le de la supply chain. D\u00e9finition de la strat\u00e9gie de\u00a0merchandising ainsi que de l\u2019architecture de\u00a0magasins d\u00e9di\u00e9s.<\/b><\/span><\/h5>\n<p>[\/vc_column_text][vc_empty_space][vc_single_image image=&#8221;883&#8243; img_size=&#8221;large&#8221; alignment=&#8221;center&#8221; css_animation=&#8221;bottom-to-top&#8221;][vc_separator color=&#8221;white&#8221;][vc_empty_space][vc_column_text]<\/p>\n<h3 class=\"p1\"><span style=\"color: #000000;\"><span class=\"s1\"><b>externaliser\u00a0<\/b><\/span><span class=\"s1\"><b>un business\u00a0unit<\/b><\/span><\/span><\/h3>\n<h5 class=\"p1\"><span style=\"color: #000000;\"><b>Apporter le service global d\u2019un d\u00e9partement <\/b><span class=\"s1\"><b>design, dans le\u00a0d\u00e9veloppement et la production,\u00a0<\/b><\/span><\/span><b><span style=\"color: #000000;\">pour les bagages, les accessoires ou les chaussures.<\/span><\/b><\/h5>\n<p>[\/vc_column_text][vc_empty_space][vc_single_image image=&#8221;882&#8243; img_size=&#8221;large&#8221; alignment=&#8221;center&#8221; css_animation=&#8221;bottom-to-top&#8221;][vc_separator color=&#8221;white&#8221;][vc_empty_space][vc_column_text]<\/p>\n<h3 class=\"p1\"><span style=\"color: #000000;\"><span class=\"s1\"><b>m\u00e9tiers\u00a0<\/b><\/span><span class=\"s1\"><b>d\u2019art<\/b><\/span><\/span><\/h3>\n<h5 class=\"p1\"><span style=\"color: #000000;\"><b>Rester connect\u00e9 au savoir-faire d\u2019\u00e9b\u00e9nisterie, d\u2019architecture, dans le respect et le travail de mati\u00e8res nobles.<\/b><\/span><\/h5>\n<p>[\/vc_column_text][vc_empty_space][vc_single_image image=&#8221;884&#8243; img_size=&#8221;large&#8221; alignment=&#8221;center&#8221; css_animation=&#8221;bottom-to-top&#8221;][\/vc_column][\/vc_row][vc_row equal_height=&#8221;yes&#8221; content_placement=&#8221;bottom&#8221;][vc_column el_class=&#8221;valign-middle&#8221; css=&#8221;.vc_custom_1466505103956{padding-top: 0px !important;padding-right: 0px !important;padding-bottom: 0px !important;padding-left: 0px !important;}&#8221;][vc_separator color=&#8221;white&#8221;][\/vc_column][\/vc_row][vc_row css=&#8221;.vc_custom_1464379123122{padding-top: 40px !important;padding-bottom: 40px !important;}&#8221;][vc_column][vc_column_text]<\/p>\n<h1 style=\"text-align: left;\"><strong>Des succ\u00e8s reconnus<\/strong><\/h1>\n<p>[\/vc_column_text][vc_row_inner][vc_column_inner width=&#8221;1\/6&#8243;][vc_single_image image=&#8221;1201&#8243; img_size=&#8221;full&#8221; alignment=&#8221;center&#8221; css=&#8221;.vc_custom_1467618848498{padding-right: 10px !important;padding-left: 10px !important;}&#8221;][\/vc_column_inner][vc_column_inner width=&#8221;1\/6&#8243;][vc_single_image image=&#8221;710&#8243; img_size=&#8221;full&#8221; css=&#8221;.vc_custom_1466053253861{padding-right: 10px !important;padding-left: 10px !important;}&#8221;][\/vc_column_inner][vc_column_inner width=&#8221;1\/6&#8243;][vc_single_image image=&#8221;701&#8243; img_size=&#8221;full&#8221; css=&#8221;.vc_custom_1466053280175{padding-right: 10px !important;padding-left: 10px !important;}&#8221;][\/vc_column_inner][vc_column_inner width=&#8221;1\/6&#8243;][vc_single_image image=&#8221;705&#8243; img_size=&#8221;full&#8221; css=&#8221;.vc_custom_1466053299600{padding-right: 10px !important;padding-left: 10px !important;}&#8221;][\/vc_column_inner][vc_column_inner width=&#8221;1\/6&#8243;][vc_single_image image=&#8221;731&#8243; img_size=&#8221;full&#8221; css=&#8221;.vc_custom_1466053325378{padding-right: 10px !important;padding-left: 10px !important;}&#8221;][\/vc_column_inner][vc_column_inner width=&#8221;1\/6&#8243;][vc_single_image image=&#8221;707&#8243; img_size=&#8221;full&#8221; css=&#8221;.vc_custom_1466053352610{padding-right: 10px !important;padding-left: 10px !important;}&#8221;][\/vc_column_inner][\/vc_row_inner][vc_row_inner][vc_column_inner width=&#8221;1\/6&#8243;][vc_single_image image=&#8221;708&#8243; img_size=&#8221;full&#8221; alignment=&#8221;center&#8221; css=&#8221;.vc_custom_1466053397028{padding-right: 10px !important;padding-left: 10px !important;}&#8221;][\/vc_column_inner][vc_column_inner width=&#8221;1\/6&#8243;][vc_single_image image=&#8221;730&#8243; img_size=&#8221;full&#8221; css=&#8221;.vc_custom_1466053409978{padding-right: 10px !important;padding-left: 10px !important;}&#8221;][\/vc_column_inner][vc_column_inner width=&#8221;1\/6&#8243;][vc_single_image image=&#8221;887&#8243; img_size=&#8221;full&#8221; css=&#8221;.vc_custom_1466504532651{padding-right: 10px !important;padding-left: 10px !important;}&#8221;][\/vc_column_inner][vc_column_inner width=&#8221;1\/6&#8243;][vc_single_image image=&#8221;700&#8243; img_size=&#8221;full&#8221; css=&#8221;.vc_custom_1466053444930{padding-right: 10px !important;padding-left: 10px !important;}&#8221;][\/vc_column_inner][vc_column_inner width=&#8221;1\/6&#8243;][vc_single_image image=&#8221;716&#8243; img_size=&#8221;full&#8221; css=&#8221;.vc_custom_1466053458217{padding-right: 10px !important;padding-left: 10px !important;}&#8221;][\/vc_column_inner][vc_column_inner width=&#8221;1\/6&#8243;][vc_single_image image=&#8221;888&#8243; img_size=&#8221;full&#8221; css=&#8221;.vc_custom_1466504548455{padding-right: 10px !important;padding-left: 10px !important;}&#8221;][\/vc_column_inner][\/vc_row_inner][vc_row_inner][vc_column_inner width=&#8221;1\/6&#8243;][vc_single_image image=&#8221;722&#8243; img_size=&#8221;full&#8221; alignment=&#8221;center&#8221; css=&#8221;.vc_custom_1466053486831{padding-right: 10px !important;padding-left: 10px !important;}&#8221;][\/vc_column_inner][vc_column_inner width=&#8221;1\/6&#8243;][vc_single_image image=&#8221;712&#8243; img_size=&#8221;full&#8221; css=&#8221;.vc_custom_1466053510819{padding-right: 10px !important;padding-left: 10px !important;}&#8221;][\/vc_column_inner][vc_column_inner width=&#8221;1\/6&#8243;][vc_single_image image=&#8221;733&#8243; img_size=&#8221;full&#8221; css=&#8221;.vc_custom_1466053525333{padding-right: 10px !important;padding-left: 10px !important;}&#8221;][\/vc_column_inner][vc_column_inner width=&#8221;1\/6&#8243;][vc_single_image image=&#8221;732&#8243; img_size=&#8221;full&#8221; css=&#8221;.vc_custom_1466053537340{padding-right: 10px !important;padding-left: 10px !important;}&#8221;][\/vc_column_inner][vc_column_inner width=&#8221;1\/6&#8243;][vc_single_image image=&#8221;720&#8243; img_size=&#8221;full&#8221; css=&#8221;.vc_custom_1466053553361{padding-right: 10px !important;padding-left: 10px !important;}&#8221;][\/vc_column_inner][vc_column_inner width=&#8221;1\/6&#8243;][vc_single_image image=&#8221;714&#8243; img_size=&#8221;full&#8221; css=&#8221;.vc_custom_1466053569442{padding-right: 10px !important;padding-left: 10px !important;}&#8221;][\/vc_column_inner][\/vc_row_inner][vc_row_inner][vc_column_inner width=&#8221;1\/6&#8243;][vc_single_image image=&#8221;723&#8243; img_size=&#8221;full&#8221; alignment=&#8221;center&#8221; css=&#8221;.vc_custom_1466053587557{padding-right: 10px !important;padding-left: 10px !important;}&#8221;][\/vc_column_inner][vc_column_inner width=&#8221;1\/6&#8243;][vc_single_image image=&#8221;717&#8243; img_size=&#8221;full&#8221; css=&#8221;.vc_custom_1466053612367{padding-right: 10px !important;padding-left: 10px !important;}&#8221;][\/vc_column_inner][vc_column_inner width=&#8221;1\/6&#8243;][vc_single_image image=&#8221;715&#8243; img_size=&#8221;full&#8221; css=&#8221;.vc_custom_1466053628661{padding-right: 10px !important;padding-left: 10px !important;}&#8221;][\/vc_column_inner][vc_column_inner width=&#8221;1\/6&#8243;][vc_single_image image=&#8221;726&#8243; img_size=&#8221;full&#8221; css=&#8221;.vc_custom_1466053639474{padding-right: 10px !important;padding-left: 10px !important;}&#8221;][\/vc_column_inner][vc_column_inner width=&#8221;1\/6&#8243;][vc_single_image image=&#8221;890&#8243; img_size=&#8221;full&#8221; css=&#8221;.vc_custom_1466504565673{padding-right: 10px !important;padding-left: 10px !important;}&#8221;][\/vc_column_inner][vc_column_inner width=&#8221;1\/6&#8243;][vc_single_image image=&#8221;711&#8243; img_size=&#8221;full&#8221; css=&#8221;.vc_custom_1466053664053{padding-right: 10px !important;padding-left: 10px !important;}&#8221;][\/vc_column_inner][\/vc_row_inner][vc_row_inner][vc_column_inner width=&#8221;1\/6&#8243;][vc_single_image image=&#8221;704&#8243; img_size=&#8221;full&#8221; alignment=&#8221;center&#8221; css=&#8221;.vc_custom_1466053682070{padding-right: 10px !important;padding-left: 10px !important;}&#8221;][\/vc_column_inner][vc_column_inner width=&#8221;1\/6&#8243;][vc_single_image image=&#8221;728&#8243; img_size=&#8221;full&#8221; css=&#8221;.vc_custom_1466053694784{padding-right: 10px !important;padding-left: 10px !important;}&#8221;][\/vc_column_inner][vc_column_inner width=&#8221;1\/6&#8243;][vc_single_image image=&#8221;889&#8243; img_size=&#8221;full&#8221; alignment=&#8221;center&#8221; css=&#8221;.vc_custom_1466504587854{padding-right: 10px !important;padding-left: 10px !important;}&#8221;][\/vc_column_inner][vc_column_inner width=&#8221;1\/6&#8243;][vc_single_image image=&#8221;724&#8243; img_size=&#8221;full&#8221; css=&#8221;.vc_custom_1466053719534{padding-right: 10px !important;padding-left: 10px !important;}&#8221;][\/vc_column_inner][vc_column_inner width=&#8221;1\/6&#8243;][vc_single_image image=&#8221;727&#8243; img_size=&#8221;full&#8221; css=&#8221;.vc_custom_1466053731494{padding-right: 10px !important;padding-left: 10px !important;}&#8221;][\/vc_column_inner][vc_column_inner width=&#8221;1\/6&#8243;][vc_single_image image=&#8221;706&#8243; img_size=&#8221;full&#8221; css=&#8221;.vc_custom_1466053748990{padding-right: 10px !important;padding-left: 10px !important;}&#8221;][\/vc_column_inner][\/vc_row_inner][vc_row_inner][vc_column_inner width=&#8221;1\/6&#8243;][vc_single_image image=&#8221;725&#8243; img_size=&#8221;full&#8221; alignment=&#8221;center&#8221; css=&#8221;.vc_custom_1466053799386{padding-right: 10px !important;padding-left: 10px !important;}&#8221;][\/vc_column_inner][vc_column_inner width=&#8221;1\/6&#8243;][vc_single_image image=&#8221;703&#8243; img_size=&#8221;full&#8221; css=&#8221;.vc_custom_1466053817092{padding-right: 10px !important;padding-left: 10px !important;}&#8221;][\/vc_column_inner][vc_column_inner width=&#8221;1\/6&#8243;][vc_single_image image=&#8221;719&#8243; img_size=&#8221;full&#8221; css=&#8221;.vc_custom_1466053834534{padding-right: 10px !important;padding-left: 10px !important;}&#8221;][\/vc_column_inner][vc_column_inner width=&#8221;1\/6&#8243;][vc_single_image image=&#8221;718&#8243; img_size=&#8221;full&#8221; css=&#8221;.vc_custom_1466053845304{padding-right: 10px !important;padding-left: 10px !important;}&#8221;][\/vc_column_inner][vc_column_inner width=&#8221;1\/6&#8243;][vc_single_image image=&#8221;709&#8243; img_size=&#8221;full&#8221; css=&#8221;.vc_custom_1466053861793{padding-right: 10px !important;padding-left: 10px !important;}&#8221;][\/vc_column_inner][vc_column_inner width=&#8221;1\/6&#8243;][\/vc_column_inner][\/vc_row_inner][\/vc_column][\/vc_row][vc_row full_width=&#8221;stretch_row&#8221; css=&#8221;.vc_custom_1467065055162{padding-top: 60px !important;padding-bottom: 60px !important;background-image: url(https:\/\/www.atelierdusartel.com\/wp-content\/uploads\/2016\/05\/Contact-atelier-du-Sartel1.jpg?id=866) !important;background-position: center !important;background-repeat: no-repeat !important;background-size: cover !important;}&#8221;][vc_column][vc_column_text]<\/p>\n<p style=\"text-align: center;\"><strong><span style=\"color: #000000;\">Nous serions tr\u00e8s heureux <\/span><span style=\"color: #000000;\">de discuter ensemble de votre projet.<\/span><\/strong><\/p>\n<p>[\/vc_column_text][vc_btn title=&#8221;CONTACTEZ-NOUS&#8221; style=&#8221;outline&#8221; shape=&#8221;square&#8221; color=&#8221;black&#8221; align=&#8221;center&#8221; link=&#8221;url:http%3A%2F%2Fwww.atelierdusartel.com%2Fen%2Fcontact%2F||&#8221;][\/vc_column][\/vc_row][vc_row][vc_column][vc_empty_space height=&#8221;70&#8243;][\/vc_column][\/vc_row]<\/p>\n","protected":false},"excerpt":{"rendered":"<p>[vc_row full_width=&#8221;stretch_row_content_no_spaces&#8221; parallax=&#8221;content-moving&#8221; css=&#8221;.vc_custom_1468505213938{padding-top: 150px !important;padding-bottom: 150px !important;background-image: url(https:\/\/www.atelierdusartel.com\/wp-content\/uploads\/2016\/05\/ADS_headers_pages-savoir-faire.jpg?id=1299) !important;background-position: center;background-repeat: no-repeat !important;background-size: cover !important;}&#8221;][vc_column][\/vc_column][\/vc_row][vc_row css=&#8221;.vc_custom_1464409108415{padding-top: 40px !important;}&#8221;][vc_column][vc_wp_custommenu&#8230;<\/p>\n","protected":false},"author":1,"featured_media":1251,"parent":0,"menu_order":0,"comment_status":"closed","ping_status":"closed","template":"","meta":[],"yoast_head":"<!-- This site is optimized with the Yoast SEO plugin v16.0.2 - https:\/\/yoast.com\/wordpress\/plugins\/seo\/ -->\n<meta name=\"description\" content=\"atelier du Sartel design studio est sp\u00e9cialis\u00e9 dans la maroquinerie, la chaussure et les accessoires pour les marques premium et de luxe.\" \/>\n<link rel=\"canonical\" href=\"https:\/\/www.atelierdusartel.com\/en\/know-how\/\" \/>\n<meta property=\"og:locale\" content=\"en_US\" \/>\n<meta property=\"og:type\" content=\"article\" \/>\n<meta property=\"og:title\" content=\"atelier du Sartel design studio\" \/>\n<meta property=\"og:description\" content=\"atelier du Sartel design studio est sp\u00e9cialis\u00e9 dans la maroquinerie, la chaussure et les accessoires pour les marques premium et de luxe.\" \/>\n<meta property=\"og:url\" content=\"https:\/\/www.atelierdusartel.com\/en\/know-how\/\" \/>\n<meta property=\"og:site_name\" content=\"atelier du Sartel\" \/>\n<meta property=\"article:publisher\" content=\"https:\/\/www.facebook.com\/Atelier-Du-Sartel-190788850238\" \/>\n<meta property=\"article:modified_time\" content=\"2016-07-14T14:17:38+00:00\" \/>\n<meta property=\"og:image\" content=\"https:\/\/www.atelierdusartel.com\/wp-content\/uploads\/2016\/05\/logo-atelier-du-sartel.jpg\" \/>\n\t<meta property=\"og:image:width\" content=\"2083\" \/>\n\t<meta property=\"og:image:height\" content=\"2083\" \/>\n<meta name=\"twitter:card\" content=\"summary\" \/>\n<meta name=\"twitter:site\" content=\"@atelierdusartel\" \/>\n<meta name=\"twitter:label1\" content=\"Est. reading time\">\n\t<meta name=\"twitter:data1\" content=\"9 minutes\">\n<script type=\"application\/ld+json\" class=\"yoast-schema-graph\">{\"@context\":\"https:\/\/schema.org\",\"@graph\":[{\"@type\":\"WebSite\",\"@id\":\"https:\/\/www.atelierdusartel.com\/#website\",\"url\":\"https:\/\/www.atelierdusartel.com\/\",\"name\":\"atelier du Sartel\",\"description\":\"Studio fran\\u00e7ais de design en maroquinerie, chaussures et accessoires de mode.\",\"potentialAction\":[{\"@type\":\"SearchAction\",\"target\":\"https:\/\/www.atelierdusartel.com\/?s={search_term_string}\",\"query-input\":\"required name=search_term_string\"}],\"inLanguage\":\"en-US\"},{\"@type\":\"ImageObject\",\"@id\":\"https:\/\/www.atelierdusartel.com\/en\/know-how\/#primaryimage\",\"inLanguage\":\"en-US\",\"url\":\"https:\/\/www.atelierdusartel.com\/wp-content\/uploads\/2016\/05\/logo-atelier-du-sartel.jpg\",\"width\":2083,\"height\":2083,\"caption\":\"atelier du sartel\"},{\"@type\":\"WebPage\",\"@id\":\"https:\/\/www.atelierdusartel.com\/en\/know-how\/#webpage\",\"url\":\"https:\/\/www.atelierdusartel.com\/en\/know-how\/\",\"name\":\"atelier du Sartel design studio\",\"isPartOf\":{\"@id\":\"https:\/\/www.atelierdusartel.com\/#website\"},\"primaryImageOfPage\":{\"@id\":\"https:\/\/www.atelierdusartel.com\/en\/know-how\/#primaryimage\"},\"datePublished\":\"2016-06-27T19:23:00+00:00\",\"dateModified\":\"2016-07-14T14:17:38+00:00\",\"description\":\"atelier du Sartel design studio est sp\\u00e9cialis\\u00e9 dans la maroquinerie, la chaussure et les accessoires pour les marques premium et de luxe.\",\"breadcrumb\":{\"@id\":\"https:\/\/www.atelierdusartel.com\/en\/know-how\/#breadcrumb\"},\"inLanguage\":\"en-US\",\"potentialAction\":[{\"@type\":\"ReadAction\",\"target\":[\"https:\/\/www.atelierdusartel.com\/en\/know-how\/\"]}]},{\"@type\":\"BreadcrumbList\",\"@id\":\"https:\/\/www.atelierdusartel.com\/en\/know-how\/#breadcrumb\",\"itemListElement\":[{\"@type\":\"ListItem\",\"position\":1,\"item\":{\"@type\":\"WebPage\",\"@id\":\"https:\/\/www.atelierdusartel.com\/en\/\",\"url\":\"https:\/\/www.atelierdusartel.com\/en\/\",\"name\":\"Accueil\"}},{\"@type\":\"ListItem\",\"position\":2,\"item\":{\"@type\":\"WebPage\",\"@id\":\"https:\/\/www.atelierdusartel.com\/en\/know-how\/\",\"url\":\"https:\/\/www.atelierdusartel.com\/en\/know-how\/\",\"name\":\"Know-how\"}}]}]}<\/script>\n<!-- \/ Yoast SEO plugin. -->","_links":{"self":[{"href":"https:\/\/www.atelierdusartel.com\/en\/wp-json\/wp\/v2\/pages\/1078"}],"collection":[{"href":"https:\/\/www.atelierdusartel.com\/en\/wp-json\/wp\/v2\/pages"}],"about":[{"href":"https:\/\/www.atelierdusartel.com\/en\/wp-json\/wp\/v2\/types\/page"}],"author":[{"embeddable":true,"href":"https:\/\/www.atelierdusartel.com\/en\/wp-json\/wp\/v2\/users\/1"}],"replies":[{"embeddable":true,"href":"https:\/\/www.atelierdusartel.com\/en\/wp-json\/wp\/v2\/comments?post=1078"}],"version-history":[{"count":3,"href":"https:\/\/www.atelierdusartel.com\/en\/wp-json\/wp\/v2\/pages\/1078\/revisions"}],"predecessor-version":[{"id":1305,"href":"https:\/\/www.atelierdusartel.com\/en\/wp-json\/wp\/v2\/pages\/1078\/revisions\/1305"}],"wp:featuredmedia":[{"embeddable":true,"href":"https:\/\/www.atelierdusartel.com\/en\/wp-json\/wp\/v2\/media\/1251"}],"wp:attachment":[{"href":"https:\/\/www.atelierdusartel.com\/en\/wp-json\/wp\/v2\/media?parent=1078"}],"curies":[{"name":"wp","href":"https:\/\/api.w.org\/{rel}","templated":true}]}}