{"id":1156,"date":"2016-06-29T16:56:10","date_gmt":"2016-06-29T14:56:10","guid":{"rendered":"http:\/\/www.atelierdusartel.com\/zh-hans\/?page_id=1156"},"modified":"2016-07-31T23:33:28","modified_gmt":"2016-07-31T21:33:28","slug":"home","status":"publish","type":"page","link":"https:\/\/www.atelierdusartel.com\/zh-hans\/","title":{"rendered":"atelier du Sartel"},"content":{"rendered":"<p>[vc_row][vc_column width=&#8221;1\/2&#8243;][vc_single_image image=&#8221;432&#8243; img_size=&#8221;450&#215;350&#8243; alignment=&#8221;center&#8221; css_animation=&#8221;bottom-to-top&#8221;][vc_empty_space height=&#8221;40px&#8221;][vc_column_text css=&#8221;.vc_custom_1468502136954{padding-left: 20px !important;}&#8221;]<\/p>\n<h1><span style=\"color: #a1624c;\"><strong>studio<\/strong><\/span><\/h1>\n<p>[\/vc_column_text][vc_column_text css=&#8221;.vc_custom_1468502846972{padding-top: 20px !important;padding-right: 20px !important;padding-bottom: 20px !important;padding-left: 20px !important;}&#8221;]<\/p>\n<h2 class=\"p1\"><strong>ADS\u662f\u4e00\u5bb6\u4e13\u6ce8\u4e8e\u76ae\u9769\u4ea7\u54c1\u3001\u978b\u5c65\u53ca\u65f6\u5c1a\u9970\u54c1\u8bbe\u8ba1\u7684\u8bbe\u8ba1\u5de5\u4f5c\u5ba4\uff0c\u4e3a\u5ba2\u6237\u63d0\u4f9b\u4ece\u54c1\u724c\u7814\u7a76\u5230\u4ea7\u54c1\u5b9a\u4f4d\uff0c\u518d\u5230\u521b\u610f\u8bbe\u8ba1\u4e0e\u6253\u6837\u751f\u4ea7\u7684\u5168\u65b9\u4f4d\u670d\u52a1\u3002<\/strong><\/h2>\n<p class=\"p1\"><a href=\"https:\/\/www.atelierdusartel.com\/zh-hans\/nos-missions\/\"><b>\u63d0\u4f9b\u54c1\u724c\u6218\u7565\u54a8\u8be2\u670d\u52a1<\/b><\/a><\/p>\n<p>[\/vc_column_text][vc_empty_space height=&#8221;50px&#8221;][\/vc_column][vc_column width=&#8221;1\/2&#8243;][vc_empty_space][vc_empty_space height=&#8221;60px&#8221;][vc_single_image image=&#8221;1245&#8243; img_size=&#8221;550&#215;550&#8243; alignment=&#8221;center&#8221; css_animation=&#8221;bottom-to-top&#8221;][\/vc_column][\/vc_row][vc_row parallax=&#8221;content-moving-fade&#8221; el_class=&#8221;parallax-it-row&#8221;][vc_column width=&#8221;1\/3&#8243;][vc_empty_space height=&#8221;100px&#8221;][vc_single_image image=&#8221;427&#8243; img_size=&#8221;200&#215;350&#8243; alignment=&#8221;center&#8221; el_class=&#8221;parallax-it-slow&#8221;][vc_empty_space height=&#8221;100px&#8221;][\/vc_column][vc_column width=&#8221;1\/3&#8243;][vc_empty_space height=&#8221;100px&#8221;][vc_single_image image=&#8221;1380&#8243; img_size=&#8221;400&#215;380&#8243; alignment=&#8221;center&#8221; el_class=&#8221;parallax-it-slow&#8221;][vc_empty_space height=&#8221;100px&#8221;][\/vc_column][vc_column width=&#8221;1\/3&#8243;][vc_single_image image=&#8221;1247&#8243; img_size=&#8221;350&#215;250&#8243; alignment=&#8221;center&#8221;][\/vc_column][\/vc_row][vc_row el_class=&#8221;parallax-it-row&#8221;][vc_column width=&#8221;1\/2&#8243;][vc_separator color=&#8221;white&#8221; el_width=&#8221;10&#8243;][vc_column_text css=&#8221;.vc_custom_1468502115100{padding-left: 20px !important;}&#8221;]<\/p>\n<h1><span style=\"color: #a1624c;\"><strong>know-how<\/strong><\/span><\/h1>\n<h2><\/h2>\n<p>[\/vc_column_text][vc_column_text css=&#8221;.vc_custom_1468502730645{padding-top: 20px !important;padding-right: 20px !important;padding-bottom: 20px !important;padding-left: 20px !important;}&#8221;]<\/p>\n<h2 class=\"p1\">ADS\u8bbe\u8ba1\u5de5\u4f5c\u5ba4\u4e3a\u5176\u5ba2\u6237\u63d0\u4f9b\u4ea7\u54c1\u4e13\u4e1a\u77e5\u8bc6\uff0c\u5305\u62ec\u5f15\u5165\u9886\u5148\u6280\u672f\u548c\u5229\u7528\u65b0\u6750\u6599\u521b\u9020\u9c9c\u6709\u7684\u521b\u610f\u4ea7\u54c1\uff0c\u8fd9\u4e9b\u4ea7\u54c1\u5f88\u597d\u5730\u5c55\u73b0\u5e76\u8be0\u91ca\u4e86\u5236\u4f5c\u76ae\u9769\u548c\u978b\u7c7b\u4ea7\u54c1\u7684\u624b\u5de5\u6280\u827a\u3002<\/h2>\n<p class=\"p1\"><a href=\"https:\/\/www.atelierdusartel.com\/portolio2\/\"><b>\u4e13\u4e1a\u6280\u672f\u53ca\u6210\u529f\u6848\u4f8b<\/b><\/a><\/p>\n<p>[\/vc_column_text][\/vc_column][vc_column width=&#8221;1\/4&#8243;][vc_single_image image=&#8221;1393&#8243; img_size=&#8221;full&#8221; alignment=&#8221;center&#8221;][\/vc_column][vc_column width=&#8221;1\/4&#8243; css=&#8221;.vc_custom_1464272248395{padding-top: 40px !important;}&#8221;][vc_empty_space height=&#8221;100px&#8221;][vc_single_image image=&#8221;1394&#8243; img_size=&#8221;300&#215;300&#8243; alignment=&#8221;right&#8221; el_class=&#8221;parallax-it-slow&#8221;][\/vc_column][\/vc_row][vc_row parallax=&#8221;content-moving&#8221; el_class=&#8221;parallax-it-row&#8221;][vc_column width=&#8221;2\/3&#8243; el_class=&#8221;parallax-it-row&#8221;][vc_single_image image=&#8221;1255&#8243; img_size=&#8221;550&#215;550&#8243; el_class=&#8221;parallax-it-slow&#8221;][\/vc_column][vc_column width=&#8221;1\/3&#8243;][vc_empty_space height=&#8221;100px&#8221;][vc_single_image image=&#8221;1257&#8243; img_size=&#8221;350&#215;350&#8243; el_class=&#8221;parallax-it-slow&#8221;][\/vc_column][\/vc_row][vc_row el_class=&#8221;parallax-it-row&#8221;][vc_column width=&#8221;1\/2&#8243;][vc_empty_space height=&#8221;100px&#8221;][vc_column_text css=&#8221;.vc_custom_1468502145327{padding-left: 20px !important;}&#8221;]<\/p>\n<h1><strong><span style=\"color: #a1624c;\">creation<\/span><\/strong><\/h1>\n<p>[\/vc_column_text][vc_column_text css=&#8221;.vc_custom_1468502318535{padding-top: 20px !important;padding-right: 20px !important;padding-bottom: 20px !important;padding-left: 20px !important;}&#8221;]<\/p>\n<h2 class=\"p1\"><b>\u5728\u521b\u59cb\u4eba\u7684\u521b\u610f\u6fc0\u60c5\u53ca\u4e13\u4e1a\u77e5\u8bc6\u7684\u5e26\u9886\u4e0b\uff0c\u4e00\u4e2a\u7531\u5341\u4f59\u540d\u4e13\u5bb6\u7ec4\u6210\u7684\u56e2\u961f\u5171\u540c\u52aa\u529b\uff0c\u786e\u4fdd\u6bcf\u4e2a\u9879\u76ee\u7d27\u6263\u5ba2\u6237\u7684\u54c1\u724c\u7406\u5ff5\uff0c\u4e0e\u54c1\u724c\u5b9e\u73b0\u65e0\u7f1d\u5408\u4f5c\u3002<\/b><\/h2>\n<p style=\"text-align: left;\"><a href=\"https:\/\/www.atelierdusartel.com\/zh-hans\/equipe\/\"><b>ADS\u8bbe\u8ba1\u5de5\u4f5c\u5ba4\u56e2\u961f<\/b><\/a><\/p>\n<p>[\/vc_column_text][\/vc_column][vc_column width=&#8221;1\/2&#8243;][vc_single_image image=&#8221;1037&#8243; img_size=&#8221;300&#8243; alignment=&#8221;center&#8221; el_class=&#8221;parallax-it-slow&#8221;][\/vc_column][\/vc_row][vc_row css=&#8221;.vc_custom_1465192499162{margin-top: 30px !important;}&#8221;][vc_column]<div id=\"mgt-post-list-27941\" class=\"mgt-post-list wpb_content_element animated\"><div class=\"mgt-post small-blocks\"><a href=\"https:\/\/www.atelierdusartel.com\/2016\/05\/26\/alix-de-chaunac\/\"><div class=\"mgt-post-image\" data-style=\"background-image: url(https:\/\/www.atelierdusartel.com\/wp-content\/uploads\/2016\/05\/Alix-1-270x230.jpg);\"><div class=\"mgt-post-image-wrapper\"><\/div><\/div><\/a><div class=\"mgt-post-details\"><div class=\"mgt-post-icon format-standard\"><\/div><div class=\"mgt-post-title\"><a href=\"https:\/\/www.atelierdusartel.com\/2016\/05\/26\/alix-de-chaunac\/\"><h5>Portrait #1 : Alix de Chaunac<\/h5><\/a><\/div><div class=\"mgt-post-date\">26 5\u6708 2016<\/div><\/div><\/div><div class=\"mgt-post small-blocks\"><a href=\"https:\/\/www.atelierdusartel.com\/2016\/06\/09\/mauris-blandit-aliquet-elit-eget-tincidunt-nibh-pulvinar\/\"><div class=\"mgt-post-image\" data-style=\"background-image: url(https:\/\/www.atelierdusartel.com\/wp-content\/uploads\/2016\/05\/13428033_10154060182380239_5774133389884894953_n-270x230.png);\"><div class=\"mgt-post-image-wrapper\"><\/div><\/div><\/a><div class=\"mgt-post-details\"><div class=\"mgt-post-icon format-standard\"><\/div><div class=\"mgt-post-title\"><a href=\"https:\/\/www.atelierdusartel.com\/2016\/06\/09\/mauris-blandit-aliquet-elit-eget-tincidunt-nibh-pulvinar\/\"><h5>&quot;Go\u00fbt de Luxe&quot; sur BFM Business<\/h5><\/a><\/div><div class=\"mgt-post-date\">9 6\u6708 2016<\/div><\/div><\/div><div class=\"mgt-post small-blocks\"><a href=\"https:\/\/www.atelierdusartel.com\/2016\/06\/22\/portrait-2-vincent-du-sartel\/\"><div class=\"mgt-post-image\" data-style=\"background-image: url(https:\/\/www.atelierdusartel.com\/wp-content\/uploads\/2016\/05\/Vincent-270x230.jpg);\"><div class=\"mgt-post-image-wrapper\"><\/div><\/div><\/a><div class=\"mgt-post-details\"><div class=\"mgt-post-icon format-standard\"><\/div><div class=\"mgt-post-title\"><a href=\"https:\/\/www.atelierdusartel.com\/2016\/06\/22\/portrait-2-vincent-du-sartel\/\"><h5>Portrait #2 : Vincent du Sartel<\/h5><\/a><\/div><div class=\"mgt-post-date\">22 6\u6708 2016<\/div><\/div><\/div><div class=\"mgt-post small-blocks\"><a href=\"https:\/\/www.atelierdusartel.com\/2016\/06\/22\/portrait-3-heloise-edouard\/\"><div class=\"mgt-post-image\" data-style=\"background-image: url(https:\/\/www.atelierdusartel.com\/wp-content\/uploads\/2016\/05\/Heloise-270x230.jpg);\"><div class=\"mgt-post-image-wrapper\"><\/div><\/div><\/a><div class=\"mgt-post-details\"><div class=\"mgt-post-icon format-standard\"><\/div><div class=\"mgt-post-title\"><a href=\"https:\/\/www.atelierdusartel.com\/2016\/06\/22\/portrait-3-heloise-edouard\/\"><h5>Portrait #3 : H\u00e9lo\u00efse Edouard<\/h5><\/a><\/div><div class=\"mgt-post-date\">22 6\u6708 2016<\/div><\/div><\/div><div class=\"clearfix\"><\/div><\/div>[\/vc_column][\/vc_row]<\/p>\n","protected":false},"excerpt":{"rendered":"<p>[vc_row][vc_column&#8230;<\/p>\n","protected":false},"author":1,"featured_media":1251,"parent":0,"menu_order":0,"comment_status":"closed","ping_status":"closed","template":"","meta":[],"yoast_head":"<!-- This site is optimized with the Yoast SEO plugin v16.0.2 - https:\/\/yoast.com\/wordpress\/plugins\/seo\/ -->\n<meta name=\"description\" content=\"atelier du Sartel est l&#039;unique studio de cr\u00e9ation et de design fran\u00e7ais sp\u00e9cialis\u00e9 dans la maroquinerie, la chaussure et les accessoires premium et de luxe.\" \/>\n<link rel=\"canonical\" href=\"https:\/\/www.atelierdusartel.com\/zh-hans\/\" \/>\n<meta property=\"og:locale\" content=\"zh_CN\" \/>\n<meta property=\"og:type\" content=\"article\" \/>\n<meta property=\"og:title\" content=\"atelier du Sartel\" \/>\n<meta property=\"og:description\" content=\"atelier du Sartel est l&#039;unique studio de cr\u00e9ation et de design fran\u00e7ais sp\u00e9cialis\u00e9 dans la maroquinerie, la chaussure et les accessoires premium et de luxe.\" \/>\n<meta property=\"og:url\" content=\"https:\/\/www.atelierdusartel.com\/zh-hans\/\" \/>\n<meta property=\"og:site_name\" content=\"atelier du Sartel\" \/>\n<meta property=\"article:publisher\" content=\"https:\/\/www.facebook.com\/Atelier-Du-Sartel-190788850238\" \/>\n<meta property=\"article:modified_time\" content=\"2016-07-31T21:33:28+00:00\" \/>\n<meta property=\"og:image\" content=\"https:\/\/www.atelierdusartel.com\/wp-content\/uploads\/2016\/05\/logo-atelier-du-sartel.jpg\" \/>\n\t<meta property=\"og:image:width\" content=\"2083\" \/>\n\t<meta property=\"og:image:height\" content=\"2083\" \/>\n<meta name=\"twitter:card\" content=\"summary\" \/>\n<meta name=\"twitter:site\" content=\"@atelierdusartel\" \/>\n<meta name=\"twitter:label1\" content=\"\u9884\u8ba1\u9605\u8bfb\u65f6\u95f4\">\n\t<meta name=\"twitter:data1\" content=\"2\u5206\">\n<script type=\"application\/ld+json\" class=\"yoast-schema-graph\">{\"@context\":\"https:\/\/schema.org\",\"@graph\":[{\"@type\":\"WebSite\",\"@id\":\"https:\/\/www.atelierdusartel.com\/#website\",\"url\":\"https:\/\/www.atelierdusartel.com\/\",\"name\":\"atelier du Sartel\",\"description\":\"Studio fran\\u00e7ais de design en maroquinerie, chaussures et accessoires de mode.\",\"potentialAction\":[{\"@type\":\"SearchAction\",\"target\":\"https:\/\/www.atelierdusartel.com\/?s={search_term_string}\",\"query-input\":\"required name=search_term_string\"}],\"inLanguage\":\"zh-CN\"},{\"@type\":\"ImageObject\",\"@id\":\"https:\/\/www.atelierdusartel.com\/zh-hans\/#primaryimage\",\"inLanguage\":\"zh-CN\",\"url\":\"https:\/\/www.atelierdusartel.com\/wp-content\/uploads\/2016\/05\/logo-atelier-du-sartel.jpg\",\"width\":2083,\"height\":2083,\"caption\":\"atelier du sartel\"},{\"@type\":\"WebPage\",\"@id\":\"https:\/\/www.atelierdusartel.com\/zh-hans\/#webpage\",\"url\":\"https:\/\/www.atelierdusartel.com\/zh-hans\/\",\"name\":\"atelier du Sartel\",\"isPartOf\":{\"@id\":\"https:\/\/www.atelierdusartel.com\/#website\"},\"primaryImageOfPage\":{\"@id\":\"https:\/\/www.atelierdusartel.com\/zh-hans\/#primaryimage\"},\"datePublished\":\"2016-06-29T14:56:10+00:00\",\"dateModified\":\"2016-07-31T21:33:28+00:00\",\"description\":\"atelier du Sartel est l'unique studio de cr\\u00e9ation et de design fran\\u00e7ais sp\\u00e9cialis\\u00e9 dans la maroquinerie, la chaussure et les accessoires premium et de luxe.\",\"breadcrumb\":{\"@id\":\"https:\/\/www.atelierdusartel.com\/zh-hans\/#breadcrumb\"},\"inLanguage\":\"zh-CN\",\"potentialAction\":[{\"@type\":\"ReadAction\",\"target\":[\"https:\/\/www.atelierdusartel.com\/zh-hans\/\"]}]},{\"@type\":\"BreadcrumbList\",\"@id\":\"https:\/\/www.atelierdusartel.com\/zh-hans\/#breadcrumb\",\"itemListElement\":[{\"@type\":\"ListItem\",\"position\":1,\"item\":{\"@type\":\"WebPage\",\"@id\":\"https:\/\/www.atelierdusartel.com\/zh-hans\/\",\"url\":\"https:\/\/www.atelierdusartel.com\/zh-hans\/\",\"name\":\"Accueil\"}},{\"@type\":\"ListItem\",\"position\":2,\"item\":{\"@type\":\"WebPage\",\"@id\":\"https:\/\/www.atelierdusartel.com\/zh-hans\/\",\"url\":\"https:\/\/www.atelierdusartel.com\/zh-hans\/\",\"name\":\"atelier du Sartel\"}}]}]}<\/script>\n<!-- \/ Yoast SEO plugin. -->","_links":{"self":[{"href":"https:\/\/www.atelierdusartel.com\/zh-hans\/wp-json\/wp\/v2\/pages\/1156"}],"collection":[{"href":"https:\/\/www.atelierdusartel.com\/zh-hans\/wp-json\/wp\/v2\/pages"}],"about":[{"href":"https:\/\/www.atelierdusartel.com\/zh-hans\/wp-json\/wp\/v2\/types\/page"}],"author":[{"embeddable":true,"href":"https:\/\/www.atelierdusartel.com\/zh-hans\/wp-json\/wp\/v2\/users\/1"}],"replies":[{"embeddable":true,"href":"https:\/\/www.atelierdusartel.com\/zh-hans\/wp-json\/wp\/v2\/comments?post=1156"}],"version-history":[{"count":7,"href":"https:\/\/www.atelierdusartel.com\/zh-hans\/wp-json\/wp\/v2\/pages\/1156\/revisions"}],"predecessor-version":[{"id":1398,"href":"https:\/\/www.atelierdusartel.com\/zh-hans\/wp-json\/wp\/v2\/pages\/1156\/revisions\/1398"}],"wp:featuredmedia":[{"embeddable":true,"href":"https:\/\/www.atelierdusartel.com\/zh-hans\/wp-json\/wp\/v2\/media\/1251"}],"wp:attachment":[{"href":"https:\/\/www.atelierdusartel.com\/zh-hans\/wp-json\/wp\/v2\/media?parent=1156"}],"curies":[{"name":"wp","href":"https:\/\/api.w.org\/{rel}","templated":true}]}}