{"id":1160,"date":"2016-06-29T16:56:44","date_gmt":"2016-06-29T14:56:44","guid":{"rendered":"http:\/\/www.atelierdusartel.com\/zh-hans\/?page_id=1160"},"modified":"2022-09-07T20:07:25","modified_gmt":"2022-09-07T18:07:25","slug":"contact","status":"publish","type":"page","link":"https:\/\/www.atelierdusartel.com\/zh-hans\/contact\/","title":{"rendered":"Contact"},"content":{"rendered":"<p>[vc_row full_width=&#8221;stretch_row_content_no_spaces&#8221; css=&#8221;.vc_custom_1466585033778{padding-top: 150px !important;padding-bottom: 150px !important;background-image: url(https:\/\/www.atelierdusartel.com\/wp-content\/uploads\/2016\/05\/Contact.jpg?id=1004) !important;background-position: center !important;background-repeat: no-repeat !important;background-size: cover !important;}&#8221;][vc_column][\/vc_column][\/vc_row][vc_row css=&#8221;.vc_custom_1464595741607{padding-top: 40px !important;padding-bottom: 40px !important;}&#8221;][vc_column width=&#8221;1\/2&#8243; css=&#8221;.vc_custom_1466586695501{padding-right: 30px !important;padding-left: 10px !important;}&#8221;][vc_empty_space height=&#8221;60px&#8221;][vc_column_text]<\/p>\n<h2><strong>Vous souhaitez prendre rendez-vous<br \/>\nou avoir plus d&#8217;informations sur atelier du Sartel ?<\/strong><\/h2>\n<p>[\/vc_column_text][vc_column_text]<strong>Renseignez ce formulaire, nous vous contacterons<br \/>\ndans les plus brefs d\u00e9lais.<\/strong>[\/vc_column_text][vc_separator color=&#8221;white&#8221;]<div role=\"form\" class=\"wpcf7\" id=\"wpcf7-f5-o1\" lang=\"fr-FR\" dir=\"ltr\">\n<div class=\"screen-reader-response\"><p role=\"status\" aria-live=\"polite\" aria-atomic=\"true\"><\/p> <ul><\/ul><\/div>\n<form action=\"\/zh-hans\/wp-json\/wp\/v2\/pages\/1160#wpcf7-f5-o1\" method=\"post\" class=\"wpcf7-form init\" novalidate=\"novalidate\" data-status=\"init\">\n<div style=\"display: none;\">\n<input type=\"hidden\" name=\"_wpcf7\" value=\"5\" \/>\n<input type=\"hidden\" name=\"_wpcf7_version\" value=\"5.4\" \/>\n<input type=\"hidden\" name=\"_wpcf7_locale\" value=\"fr_FR\" \/>\n<input type=\"hidden\" name=\"_wpcf7_unit_tag\" value=\"wpcf7-f5-o1\" \/>\n<input type=\"hidden\" name=\"_wpcf7_container_post\" value=\"0\" \/>\n<input type=\"hidden\" name=\"_wpcf7_posted_data_hash\" value=\"\" \/>\n<\/div>\n<div class=\"contact-form\">\n<div class=\"vc_row\">\n<div class=\"vc_col-sm-6\">\n\t\t<label>Pr\u00e9nom<\/label><br \/>\n\t\t<span class=\"wpcf7-form-control-wrap prenom\"><input type=\"text\" name=\"prenom\" value=\"\" size=\"40\" class=\"wpcf7-form-control wpcf7-text\" aria-invalid=\"false\" \/><\/span>\n\t<\/div>\n<div class=\"vc_col-sm-6\">\n\t\t<label>Nom <span class=\"required\">*<\/span><\/label><br \/>\n\t\t<span class=\"wpcf7-form-control-wrap nom\"><input type=\"text\" name=\"nom\" value=\"\" size=\"40\" class=\"wpcf7-form-control wpcf7-text wpcf7-validates-as-required\" aria-required=\"true\" aria-invalid=\"false\" \/><\/span>\n\t<\/div>\n<\/div>\n<p><br><\/p>\n<p><label>Soci\u00e9t\u00e9<\/label><br \/>\n<span class=\"wpcf7-form-control-wrap societe\"><input type=\"text\" name=\"societe\" value=\"\" size=\"40\" class=\"wpcf7-form-control wpcf7-text\" aria-invalid=\"false\" \/><\/span><br><\/p>\n<p><label>Email<span class=\"required\">*<\/span><\/label><br \/>\n<span class=\"wpcf7-form-control-wrap email\"><input type=\"email\" name=\"email\" value=\"\" size=\"40\" class=\"wpcf7-form-control wpcf7-text wpcf7-email wpcf7-validates-as-required wpcf7-validates-as-email\" aria-required=\"true\" aria-invalid=\"false\" \/><\/span><br><\/p>\n<p><label>Pr\u00e9sentez votre soci\u00e9t\u00e9 en quelques mots<\/label><br \/>\n<span class=\"wpcf7-form-control-wrap presentation-societe\"><textarea name=\"presentation-societe\" cols=\"40\" rows=\"10\" class=\"wpcf7-form-control wpcf7-textarea\" aria-invalid=\"false\"><\/textarea><\/span><br><\/p>\n<p><label>Quel est votre projet ? <span class=\"required\">*<\/span><\/label><br \/>\n<span class=\"wpcf7-form-control-wrap projet\"><textarea name=\"projet\" cols=\"40\" rows=\"10\" class=\"wpcf7-form-control wpcf7-textarea wpcf7-validates-as-required\" aria-required=\"true\" aria-invalid=\"false\"><\/textarea><\/span><br><\/p>\n<div class=\"text-right\">\n<input type=\"submit\" value=\"Envoyer\" class=\"wpcf7-form-control wpcf7-submit vc_general vc_btn3 vc_btn3-size-md vc_btn3-shape-square vc_btn3-style-outline vc_btn3-color-black\" \/>\n<\/div>\n<\/div>\n<div class=\"wpcf7-response-output\" aria-hidden=\"true\"><\/div><\/form><\/div>[vc_empty_space height=&#8221;60px&#8221;][\/vc_column][vc_column width=&#8221;1\/2&#8243; css=&#8221;.vc_custom_1466586705356{padding-right: 30px !important;padding-left: 10px !important;}&#8221;][vc_separator color=&#8221;white&#8221;][vc_row_inner][vc_column_inner css=&#8221;.vc_custom_1467069259828{padding-left: 50px !important;}&#8221;][vc_single_image image=&#8221;1333&#8243; img_size=&#8221;full&#8221; alignment=&#8221;center&#8221;][\/vc_column_inner][\/vc_row_inner][vc_row_inner css=&#8221;.vc_custom_1468656082389{padding-left: 20px !important;}&#8221;][vc_column_inner width=&#8221;1\/2&#8243; css=&#8221;.vc_custom_1467069273165{padding-left: 50px !important;}&#8221;][vc_column_text]<\/p>\n<h3><strong>Paris<\/strong><\/h3>\n<p>[\/vc_column_text][vc_column_text]<\/p>\n<h5><strong>46 Rue de Provence<\/strong><br \/>\n<strong>75009 Paris<br \/>\nFrance<\/strong><\/h5>\n<h5><strong>Tel. +33 (0) 1 42 85 85 77<\/strong><br \/>\n<strong>info@atelierdusartel.com<\/strong><\/h5>\n<p>[\/vc_column_text][\/vc_column_inner][vc_column_inner width=&#8221;1\/2&#8243;][vc_column_text]<\/p>\n<h3><strong>New-York<\/strong><\/h3>\n<p>[\/vc_column_text][vc_column_text]<\/p>\n<h5><strong>411 Theodore Fremd<\/strong><br \/>\n<strong>Avenue Suite 206S Rye<\/strong><br \/>\n<strong>NY 105 80 &#8211; USA<\/strong><\/h5>\n<h5><strong>Tel. +1 917 9578994<\/strong><br \/>\n<strong>catherine@atelierdusartel.com<\/strong><\/h5>\n<p>[\/vc_column_text][\/vc_column_inner][\/vc_row_inner][vc_row_inner css=&#8221;.vc_custom_1468656107612{padding-left: 20px !important;}&#8221;][vc_column_inner width=&#8221;1\/2&#8243; css=&#8221;.vc_custom_1467069343940{padding-left: 50px !important;}&#8221;][vc_separator color=&#8221;white&#8221;][vc_column_text css=&#8221;.vc_custom_1468571298259{padding-bottom: 10px !important;}&#8221;]<\/p>\n<h3><strong>Hong-Kong<\/strong><\/h3>\n<p>[\/vc_column_text][vc_column_text]<\/p>\n<h5><strong>\u8bb8\u82f1\u534e<\/strong><br \/>\n<strong>\u4e9a\u6d32\u533a\u4e1a\u52a1\u603b\u76d1<br \/>\n\u9999\u6e2f<br \/>\n<\/strong><\/h5>\n<h5 class=\"p1\"><strong>+86 188 2521 0491<\/strong><br \/>\n<strong>valentina@atelierdusartel.com<\/strong><\/h5>\n<p>[\/vc_column_text][\/vc_column_inner][vc_column_inner width=&#8221;1\/2&#8243;][\/vc_column_inner][\/vc_row_inner][\/vc_column][\/vc_row]<\/p>\n","protected":false},"excerpt":{"rendered":"<p>[vc_row full_width&#8230;<\/p>\n","protected":false},"author":1,"featured_media":2567,"parent":0,"menu_order":0,"comment_status":"closed","ping_status":"closed","template":"","meta":[],"yoast_head":"<!-- This site is optimized with the Yoast SEO plugin v16.0.2 - https:\/\/yoast.com\/wordpress\/plugins\/seo\/ -->\n<meta name=\"description\" content=\"atelier du Sartel design studio est sp\u00e9cialis\u00e9 dans la maroquinerie, la chaussure et les accessoires pour les marques premium et de luxe.\" \/>\n<link rel=\"canonical\" href=\"https:\/\/www.atelierdusartel.com\/zh-hans\/contact\/\" \/>\n<meta property=\"og:locale\" content=\"zh_CN\" \/>\n<meta property=\"og:type\" content=\"article\" \/>\n<meta property=\"og:title\" content=\"atelier du Sartel\" \/>\n<meta property=\"og:description\" content=\"atelier du Sartel design studio est sp\u00e9cialis\u00e9 dans la maroquinerie, la chaussure et les accessoires pour les marques premium et de luxe.\" \/>\n<meta property=\"og:url\" content=\"https:\/\/www.atelierdusartel.com\/zh-hans\/contact\/\" \/>\n<meta property=\"og:site_name\" content=\"atelier du Sartel\" \/>\n<meta property=\"article:publisher\" content=\"https:\/\/www.facebook.com\/Atelier-Du-Sartel-190788850238\" \/>\n<meta property=\"article:modified_time\" content=\"2022-09-07T18:07:25+00:00\" \/>\n<meta property=\"og:image\" content=\"https:\/\/www.atelierdusartel.com\/wp-content\/uploads\/2016\/05\/logo-atelier-du-sartel.jpg\" \/>\n\t<meta property=\"og:image:width\" content=\"2083\" \/>\n\t<meta property=\"og:image:height\" content=\"2083\" \/>\n<meta name=\"twitter:card\" content=\"summary\" \/>\n<meta name=\"twitter:site\" content=\"@atelierdusartel\" \/>\n<meta name=\"twitter:label1\" content=\"\u9884\u8ba1\u9605\u8bfb\u65f6\u95f4\">\n\t<meta name=\"twitter:data1\" content=\"2\u5206\">\n<script type=\"application\/ld+json\" class=\"yoast-schema-graph\">{\"@context\":\"https:\/\/schema.org\",\"@graph\":[{\"@type\":\"WebSite\",\"@id\":\"https:\/\/www.atelierdusartel.com\/#website\",\"url\":\"https:\/\/www.atelierdusartel.com\/\",\"name\":\"atelier du Sartel\",\"description\":\"Studio fran\\u00e7ais de design en maroquinerie, chaussures et accessoires de mode.\",\"potentialAction\":[{\"@type\":\"SearchAction\",\"target\":\"https:\/\/www.atelierdusartel.com\/?s={search_term_string}\",\"query-input\":\"required name=search_term_string\"}],\"inLanguage\":\"zh-CN\"},{\"@type\":\"ImageObject\",\"@id\":\"https:\/\/www.atelierdusartel.com\/zh-hans\/contact\/#primaryimage\",\"inLanguage\":\"zh-CN\",\"url\":\"https:\/\/www.atelierdusartel.com\/wp-content\/uploads\/2016\/05\/logo-atelier-du-sartel.jpg\",\"width\":2083,\"height\":2083,\"caption\":\"atelier du sartel\"},{\"@type\":\"WebPage\",\"@id\":\"https:\/\/www.atelierdusartel.com\/zh-hans\/contact\/#webpage\",\"url\":\"https:\/\/www.atelierdusartel.com\/zh-hans\/contact\/\",\"name\":\"atelier du Sartel\",\"isPartOf\":{\"@id\":\"https:\/\/www.atelierdusartel.com\/#website\"},\"primaryImageOfPage\":{\"@id\":\"https:\/\/www.atelierdusartel.com\/zh-hans\/contact\/#primaryimage\"},\"datePublished\":\"2016-06-29T14:56:44+00:00\",\"dateModified\":\"2022-09-07T18:07:25+00:00\",\"description\":\"atelier du Sartel design studio est sp\\u00e9cialis\\u00e9 dans la maroquinerie, la chaussure et les accessoires pour les marques premium et de luxe.\",\"breadcrumb\":{\"@id\":\"https:\/\/www.atelierdusartel.com\/zh-hans\/contact\/#breadcrumb\"},\"inLanguage\":\"zh-CN\",\"potentialAction\":[{\"@type\":\"ReadAction\",\"target\":[\"https:\/\/www.atelierdusartel.com\/zh-hans\/contact\/\"]}]},{\"@type\":\"BreadcrumbList\",\"@id\":\"https:\/\/www.atelierdusartel.com\/zh-hans\/contact\/#breadcrumb\",\"itemListElement\":[{\"@type\":\"ListItem\",\"position\":1,\"item\":{\"@type\":\"WebPage\",\"@id\":\"https:\/\/www.atelierdusartel.com\/zh-hans\/\",\"url\":\"https:\/\/www.atelierdusartel.com\/zh-hans\/\",\"name\":\"Accueil\"}},{\"@type\":\"ListItem\",\"position\":2,\"item\":{\"@type\":\"WebPage\",\"@id\":\"https:\/\/www.atelierdusartel.com\/zh-hans\/contact\/\",\"url\":\"https:\/\/www.atelierdusartel.com\/zh-hans\/contact\/\",\"name\":\"Contact\"}}]}]}<\/script>\n<!-- \/ Yoast SEO plugin. -->","_links":{"self":[{"href":"https:\/\/www.atelierdusartel.com\/zh-hans\/wp-json\/wp\/v2\/pages\/1160"}],"collection":[{"href":"https:\/\/www.atelierdusartel.com\/zh-hans\/wp-json\/wp\/v2\/pages"}],"about":[{"href":"https:\/\/www.atelierdusartel.com\/zh-hans\/wp-json\/wp\/v2\/types\/page"}],"author":[{"embeddable":true,"href":"https:\/\/www.atelierdusartel.com\/zh-hans\/wp-json\/wp\/v2\/users\/1"}],"replies":[{"embeddable":true,"href":"https:\/\/www.atelierdusartel.com\/zh-hans\/wp-json\/wp\/v2\/comments?post=1160"}],"version-history":[{"count":3,"href":"https:\/\/www.atelierdusartel.com\/zh-hans\/wp-json\/wp\/v2\/pages\/1160\/revisions"}],"predecessor-version":[{"id":2708,"href":"https:\/\/www.atelierdusartel.com\/zh-hans\/wp-json\/wp\/v2\/pages\/1160\/revisions\/2708"}],"wp:featuredmedia":[{"embeddable":true,"href":"https:\/\/www.atelierdusartel.com\/zh-hans\/wp-json\/wp\/v2\/media\/2567"}],"wp:attachment":[{"href":"https:\/\/www.atelierdusartel.com\/zh-hans\/wp-json\/wp\/v2\/media?parent=1160"}],"curies":[{"name":"wp","href":"https:\/\/api.w.org\/{rel}","templated":true}]}}