{"id":1168,"date":"2016-06-29T16:58:00","date_gmt":"2016-06-29T14:58:00","guid":{"rendered":"http:\/\/www.atelierdusartel.com\/zh-hans\/?page_id=1168"},"modified":"2016-07-31T23:43:12","modified_gmt":"2016-07-31T21:43:12","slug":"missions","status":"publish","type":"page","link":"https:\/\/www.atelierdusartel.com\/zh-hans\/missions\/","title":{"rendered":"Our missions"},"content":{"rendered":"<p>[vc_row full_width=&#8221;stretch_row_content_no_spaces&#8221; parallax=&#8221;content-moving&#8221; css=&#8221;.vc_custom_1470001305026{padding-top: 150px !important;padding-bottom: 150px !important;background-image: url(https:\/\/www.atelierdusartel.com\/wp-content\/uploads\/2016\/06\/atelier-du-sartel4.jpg?id=1400) !important;background-position: 0 0;background-repeat: no-repeat !important;}&#8221;][vc_column][\/vc_column][\/vc_row][vc_row css=&#8221;.vc_custom_1464409108415{padding-top: 40px !important;}&#8221;][vc_column][vc_wp_custommenu nav_menu=&#8221;31&#8243; el_class=&#8221;horizontal&#8221;][\/vc_column][\/vc_row][vc_row full_width=&#8221;stretch_row&#8221;][vc_column width=&#8221;2\/3&#8243;][vc_empty_space][vc_column_text]<\/p>\n<h1><strong>Au service de la strat\u00e9gie des marques<\/strong><\/h1>\n<p>[\/vc_column_text][vc_column_text]<\/p>\n<h3><strong>Conscient des enjeux tant cr\u00e9atifs, industriels que commerciaux,<br \/>\n<\/strong><strong>atelier du Sartel construit son offre de services afin de r\u00e9pondre<br \/>\n<\/strong><strong>le plus pr\u00e9cis\u00e9ment aux demandes des maisons.<\/strong><\/h3>\n<p>[\/vc_column_text][\/vc_column][vc_column width=&#8221;1\/3&#8243;][\/vc_column][\/vc_row][vc_row css=&#8221;.vc_custom_1464409108415{padding-top: 40px !important;}&#8221;][vc_column][vc_separator color=&#8221;white&#8221;][\/vc_column][\/vc_row][vc_row full_width=&#8221;stretch_row&#8221;][vc_column width=&#8221;1\/4&#8243;][vc_single_image image=&#8221;845&#8243; img_size=&#8221;medium&#8221; alignment=&#8221;center&#8221;][vc_empty_space][vc_column_text]<\/p>\n<h2 class=\"p1\"><span style=\"color: #000000;\"><b>Plateforme de marque\u00a0<\/b><\/span><\/h2>\n<p class=\"p1\"><span style=\"color: #000000;\"><b>+ Analyse de la concurrence (march\u00e9 et produits)<\/b><\/span><\/p>\n<p class=\"p1\"><span style=\"color: #000000;\"><b>+ \u00c9tude de positionnement<br \/>\net de style <\/b><\/span><\/p>\n<p class=\"p1\"><span style=\"color: #000000;\"><b>+ Cr\u00e9ation de guidelines<br \/>\n(codes et signature de marque)<\/b><\/span><\/p>\n<p class=\"p1\"><span style=\"color: #000000;\"><b>+ Plan de collection\u00a0<\/b><\/span><span style=\"color: #000000;\"><b>(SKU,<br \/>\npositionnement prix, marges)<\/b><\/span><\/p>\n<p>[\/vc_column_text][\/vc_column][vc_column width=&#8221;1\/4&#8243;][vc_single_image image=&#8221;1289&#8243; img_size=&#8221;medium&#8221; alignment=&#8221;center&#8221;][vc_empty_space][vc_column_text]<\/p>\n<h2 class=\"p1\"><span style=\"color: #000000;\"><b>Design<\/b><\/span><\/h2>\n<p class=\"p1\"><span style=\"color: #000000;\"><b>+ Tendances\u2009 et mood boards<\/b><\/span><\/p>\n<p class=\"p2\"><span style=\"color: #000000;\"><b>+ Dessins et maquettes<\/b><\/span><\/p>\n<p class=\"p2\"><span style=\"color: #000000;\"><b>+ Recherche et recommandations (mati\u00e8res et couleurs)<\/b><\/span><\/p>\n<p class=\"p2\"><span style=\"color: #000000;\"><b>+ Conception de pi\u00e8ces m\u00e9talliques <\/b><\/span><\/p>\n<p class=\"p2\"><span style=\"color: #000000;\"><b>+ Plans techniques et infographies<\/b><\/span><\/p>\n<p>[\/vc_column_text][\/vc_column][vc_column width=&#8221;1\/4&#8243;][vc_single_image image=&#8221;847&#8243; img_size=&#8221;medium&#8221; alignment=&#8221;center&#8221;][vc_empty_space][vc_column_text]<\/p>\n<h2 class=\"p1\"><span style=\"color: #000000;\"><b>D\u00e9veloppement<\/b><\/span><\/h2>\n<p class=\"p1\"><span style=\"color: #000000;\"><b>+ Recherche et recommandations<br \/>\n(fabricants et fournisseurs) <\/b><\/span><\/p>\n<p class=\"p1\"><span style=\"color: #000000;\"><b>+ Fiches techniques produits<\/b><\/span><\/p>\n<p class=\"p1\"><span style=\"color: #000000;\"><b>+ Suivi de prototypage<\/b><\/span><\/p>\n<p class=\"p1\"><span style=\"color: #000000;\"><b>+ Corrections et d\u00e9finitions<\/b><\/span><\/p>\n<p class=\"p1\"><span style=\"color: #000000;\"><b>+ Suivi du d\u00e9veloppement produits avec les fournisseurs <\/b><\/span><\/p>\n<p>[\/vc_column_text][\/vc_column][vc_column width=&#8221;1\/4&#8243;][vc_single_image image=&#8221;848&#8243; img_size=&#8221;medium&#8221; alignment=&#8221;center&#8221;][vc_empty_space][vc_column_text]<\/p>\n<h2 class=\"p1\"><span style=\"color: #000000;\"><b>Production<\/b><\/span><\/h2>\n<p class=\"p1\"><span style=\"color: #000000;\"><b>+ \u00c9tude de la performance<br \/>\net des co\u00fbts<\/b><\/span><\/p>\n<p class=\"p1\"><span style=\"color: #000000;\"><b>+ Suivi de production <\/b><\/span><\/p>\n<p class=\"p1\"><span style=\"color: #000000;\"><b>+ Contr\u00f4le qualit\u00e9 et conformit\u00e9 <\/b><\/span><\/p>\n<p class=\"p1\"><span style=\"color: #000000;\"><b>+ Contr\u00f4le des d\u00e9lais d\u2019approvisionnement <\/b><\/span><\/p>\n<p class=\"p1\"><span style=\"color: #000000;\"><b>+ Conception packaging<\/b><\/span><\/p>\n<p>[\/vc_column_text][\/vc_column][\/vc_row][vc_row css=&#8221;.vc_custom_1464409108415{padding-top: 40px !important;}&#8221;][vc_column][vc_separator color=&#8221;white&#8221;][\/vc_column][\/vc_row][vc_row full_width=&#8221;stretch_row&#8221;][vc_column width=&#8221;1\/2&#8243;][vc_single_image image=&#8221;849&#8243; img_size=&#8221;large&#8221; alignment=&#8221;center&#8221;][vc_empty_space][\/vc_column][vc_column width=&#8221;1\/2&#8243;][vc_empty_space height=&#8221;80px&#8221;][vc_column_text]<\/p>\n<h3 class=\"p1\"><b>Cr\u00e9ation de nouvelle marque, extension de territoire, renouvellement de collection\u2026 <\/b><\/h3>\n<h3 class=\"p1\"><b>atelier du Sartel est un acteur strat\u00e9gique pour le d\u00e9veloppement et la construction d\u2019un business d\u2019accessoires de cuir, sacs, bagages, mode f\u00e9minine et masculine haut de gamme.<\/b><\/h3>\n<p>[\/vc_column_text][vc_empty_space][\/vc_column][\/vc_row][vc_row full_width=&#8221;stretch_row&#8221; css=&#8221;.vc_custom_1466498315589{margin-bottom: 0px !important;padding-top: 60px !important;padding-bottom: 60px !important;background-image: url(https:\/\/www.atelierdusartel.com\/wp-content\/uploads\/2016\/05\/Contact-atelier-du-Sartel1.jpg?id=866) !important;background-position: center !important;background-repeat: no-repeat !important;background-size: cover !important;}&#8221; el_class=&#8221;text-white&#8221;][vc_column][vc_column_text el_class=&#8221;text-white&#8221;]<\/p>\n<p style=\"text-align: center;\"><strong><span style=\"color: #000000;\">Nous serions tr\u00e8s heureux de discuter ensemble de votre projet.<\/span><\/strong><\/p>\n<p>[\/vc_column_text][vc_btn title=&#8221;CONTACTEZ-NOUS&#8221; style=&#8221;outline&#8221; shape=&#8221;square&#8221; color=&#8221;black&#8221; align=&#8221;center&#8221; link=&#8221;url:http%3A%2F%2Fwww.atelierdusartel.com%2Fzh-hans%2Fcontact%2F||&#8221;][\/vc_column][\/vc_row][vc_row][vc_column][vc_empty_space height=&#8221;70px&#8221;][\/vc_column][\/vc_row]<\/p>\n","protected":false},"excerpt":{"rendered":"<p>[vc_row full_width&#8230;<\/p>\n","protected":false},"author":1,"featured_media":0,"parent":0,"menu_order":0,"comment_status":"closed","ping_status":"closed","template":"","meta":[],"yoast_head":"<!-- This site is optimized with the Yoast SEO plugin v16.0.2 - https:\/\/yoast.com\/wordpress\/plugins\/seo\/ -->\n<meta name=\"description\" content=\"atelier du Sartel est l&#039;unique studio de cr\u00e9ation et de design fran\u00e7ais sp\u00e9cialis\u00e9 dans la cr\u00e9ation de maroquinerie, chaussure et accessoires.\" \/>\n<link rel=\"canonical\" href=\"https:\/\/www.atelierdusartel.com\/zh-hans\/missions\/\" \/>\n<meta property=\"og:locale\" content=\"zh_CN\" \/>\n<meta property=\"og:type\" content=\"article\" \/>\n<meta property=\"og:title\" content=\"atelier du Sartel, strat\u00e9gie de marque et studio de creation\" \/>\n<meta property=\"og:description\" content=\"atelier du Sartel est l&#039;unique studio de cr\u00e9ation et de design fran\u00e7ais sp\u00e9cialis\u00e9 dans la cr\u00e9ation de maroquinerie, chaussure et accessoires.\" \/>\n<meta property=\"og:url\" content=\"https:\/\/www.atelierdusartel.com\/zh-hans\/missions\/\" \/>\n<meta property=\"og:site_name\" content=\"atelier du Sartel\" \/>\n<meta property=\"article:publisher\" content=\"https:\/\/www.facebook.com\/Atelier-Du-Sartel-190788850238\" \/>\n<meta property=\"article:modified_time\" content=\"2016-07-31T21:43:12+00:00\" \/>\n<meta name=\"twitter:card\" content=\"summary\" \/>\n<meta name=\"twitter:site\" content=\"@atelierdusartel\" \/>\n<meta name=\"twitter:label1\" content=\"\u9884\u8ba1\u9605\u8bfb\u65f6\u95f4\">\n\t<meta name=\"twitter:data1\" content=\"3\u5206\">\n<script type=\"application\/ld+json\" class=\"yoast-schema-graph\">{\"@context\":\"https:\/\/schema.org\",\"@graph\":[{\"@type\":\"WebSite\",\"@id\":\"https:\/\/www.atelierdusartel.com\/#website\",\"url\":\"https:\/\/www.atelierdusartel.com\/\",\"name\":\"atelier du Sartel\",\"description\":\"Studio fran\\u00e7ais de design en maroquinerie, chaussures et accessoires de mode.\",\"potentialAction\":[{\"@type\":\"SearchAction\",\"target\":\"https:\/\/www.atelierdusartel.com\/?s={search_term_string}\",\"query-input\":\"required name=search_term_string\"}],\"inLanguage\":\"zh-CN\"},{\"@type\":\"WebPage\",\"@id\":\"https:\/\/www.atelierdusartel.com\/zh-hans\/missions\/#webpage\",\"url\":\"https:\/\/www.atelierdusartel.com\/zh-hans\/missions\/\",\"name\":\"atelier du Sartel, strat\\u00e9gie de marque et studio de creation\",\"isPartOf\":{\"@id\":\"https:\/\/www.atelierdusartel.com\/#website\"},\"datePublished\":\"2016-06-29T14:58:00+00:00\",\"dateModified\":\"2016-07-31T21:43:12+00:00\",\"description\":\"atelier du Sartel est l'unique studio de cr\\u00e9ation et de design fran\\u00e7ais sp\\u00e9cialis\\u00e9 dans la cr\\u00e9ation de maroquinerie, chaussure et accessoires.\",\"breadcrumb\":{\"@id\":\"https:\/\/www.atelierdusartel.com\/zh-hans\/missions\/#breadcrumb\"},\"inLanguage\":\"zh-CN\",\"potentialAction\":[{\"@type\":\"ReadAction\",\"target\":[\"https:\/\/www.atelierdusartel.com\/zh-hans\/missions\/\"]}]},{\"@type\":\"BreadcrumbList\",\"@id\":\"https:\/\/www.atelierdusartel.com\/zh-hans\/missions\/#breadcrumb\",\"itemListElement\":[{\"@type\":\"ListItem\",\"position\":1,\"item\":{\"@type\":\"WebPage\",\"@id\":\"https:\/\/www.atelierdusartel.com\/zh-hans\/\",\"url\":\"https:\/\/www.atelierdusartel.com\/zh-hans\/\",\"name\":\"Accueil\"}},{\"@type\":\"ListItem\",\"position\":2,\"item\":{\"@type\":\"WebPage\",\"@id\":\"https:\/\/www.atelierdusartel.com\/zh-hans\/missions\/\",\"url\":\"https:\/\/www.atelierdusartel.com\/zh-hans\/missions\/\",\"name\":\"Our missions\"}}]}]}<\/script>\n<!-- \/ Yoast SEO plugin. -->","_links":{"self":[{"href":"https:\/\/www.atelierdusartel.com\/zh-hans\/wp-json\/wp\/v2\/pages\/1168"}],"collection":[{"href":"https:\/\/www.atelierdusartel.com\/zh-hans\/wp-json\/wp\/v2\/pages"}],"about":[{"href":"https:\/\/www.atelierdusartel.com\/zh-hans\/wp-json\/wp\/v2\/types\/page"}],"author":[{"embeddable":true,"href":"https:\/\/www.atelierdusartel.com\/zh-hans\/wp-json\/wp\/v2\/users\/1"}],"replies":[{"embeddable":true,"href":"https:\/\/www.atelierdusartel.com\/zh-hans\/wp-json\/wp\/v2\/comments?post=1168"}],"version-history":[{"count":11,"href":"https:\/\/www.atelierdusartel.com\/zh-hans\/wp-json\/wp\/v2\/pages\/1168\/revisions"}],"predecessor-version":[{"id":1404,"href":"https:\/\/www.atelierdusartel.com\/zh-hans\/wp-json\/wp\/v2\/pages\/1168\/revisions\/1404"}],"wp:attachment":[{"href":"https:\/\/www.atelierdusartel.com\/zh-hans\/wp-json\/wp\/v2\/media?parent=1168"}],"curies":[{"name":"wp","href":"https:\/\/api.w.org\/{rel}","templated":true}]}}