{"id":1174,"date":"2016-06-29T16:58:56","date_gmt":"2016-06-29T14:58:56","guid":{"rendered":"http:\/\/www.atelierdusartel.com\/zh-hans\/?page_id=1174"},"modified":"2016-07-31T23:53:12","modified_gmt":"2016-07-31T21:53:12","slug":"vincent-du-sartel","status":"publish","type":"page","link":"https:\/\/www.atelierdusartel.com\/zh-hans\/vincent-du-sartel\/","title":{"rendered":"Vincent du Sartel"},"content":{"rendered":"<p>[vc_row full_width=&#8221;stretch_row_content_no_spaces&#8221; content_placement=&#8221;middle&#8221; parallax=&#8221;content-moving&#8221; css=&#8221;.vc_custom_1466585242545{padding-top: 150px !important;padding-bottom: 150px !important;background-image: url(https:\/\/www.atelierdusartel.com\/wp-content\/uploads\/2016\/05\/Createur.jpg?id=1005) !important;background-position: center;background-repeat: no-repeat !important;background-size: cover !important;}&#8221;][vc_column][\/vc_column][\/vc_row][vc_row css=&#8221;.vc_custom_1464409108415{padding-top: 40px !important;}&#8221;][vc_column][vc_wp_custommenu nav_menu=&#8221;22&#8243; el_class=&#8221;horizontal&#8221;][\/vc_column][\/vc_row][vc_row equal_height=&#8221;yes&#8221; content_placement=&#8221;bottom&#8221;][vc_column width=&#8221;1\/2&#8243; css=&#8221;.vc_custom_1464594784873{padding: 40px !important;}&#8221;][vc_single_image image=&#8221;1405&#8243; img_size=&#8221;full&#8221; alignment=&#8221;center&#8221; css=&#8221;.vc_custom_1470001909661{margin-top: 0px !important;margin-right: 0px !important;margin-bottom: 0px !important;margin-left: 0px !important;}&#8221;][\/vc_column][vc_column width=&#8221;1\/2&#8243; css=&#8221;.vc_custom_1464594735979{padding: 40px !important;}&#8221;][vc_column_text]<\/p>\n<h3><span style=\"color: #000000;\"><strong>La passion cr\u00e9ative d\u2019un designer<\/strong><\/span><\/h3>\n<p><span style=\"color: #000000;\">Vincent du Sartel est un homme de convictions qui met son talent, son exp\u00e9rience et son savoir-faire \u00e0 la disposition des marques. Sa m\u00e9thode cr\u00e9ative, son style et son approche sont le fruit d\u2019un d\u00e9veloppement artistique qu\u2019il acquiert aux Beaux-Arts de Versailles, en se formant \u00e0 l\u2019\u00e9b\u00e9nisterie \u00e0 l\u2019Institut Saint-Luc, \u00e0 l\u2019ESDI \u2013 premi\u00e8re \u00e9cole fran\u00e7aise d\u00e9di\u00e9e au design industriel \u2013 et au travers de son parcours professionnel.<br \/>\nDe la restauration de meubles du XVIIIe si\u00e8cle aux treize ann\u00e9es pass\u00e9es chez Louis Vuitton suivies de trois en tant que directeur artistique de la Maison Loewe, Vincent du Sartel a su, par ses ann\u00e9es d\u2019apprentissage et de cr\u00e9ativit\u00e9 d\u00e9velopper sa vision personnelle du m\u00e9tier de designer.<\/span><\/p>\n<h3><\/h3>\n<p>[\/vc_column_text][vc_column_text]<\/p>\n<blockquote>\n<h2><strong><span style=\"color: #000000;\">\u00ab Le fil d\u2019Ariane de notre travail est le respect et la connaissance des m\u00e9tiers qui font le monde de la maroquinerie et de la chaussure \u00bb.<\/span><\/strong><\/h2>\n<\/blockquote>\n<p>[\/vc_column_text][vc_column_text]<\/p>\n<h3><\/h3>\n<p><span style=\"color: #000000;\">Ses talents artistiques, son pragmatisme, sa connaissance des contraintes de la cr\u00e9ation dans la production industrielle, son exp\u00e9rience internationale et son sens de l\u2019audace l\u2019ont ainsi incit\u00e9 \u00e0 cr\u00e9er \u00ab atelier du Sartel \u00bb.<\/span>[\/vc_column_text][\/vc_column][\/vc_row][vc_row full_width=&#8221;stretch_row&#8221; css=&#8221;.vc_custom_1465225330115{margin-bottom: 0px !important;padding-top: 0px !important;padding-bottom: 0px !important;background-position: center !important;background-repeat: no-repeat !important;background-size: cover !important;}&#8221; el_class=&#8221;text-white&#8221;][vc_column][vc_separator color=&#8221;white&#8221; el_width=&#8221;10&#8243;][\/vc_column][\/vc_row][vc_row][vc_column width=&#8221;1\/3&#8243;][vc_column_text]<\/p>\n<h3 class=\"p1\"><strong><span class=\"s1\">Colbert Committee<\/span><\/strong><\/h3>\n<p class=\"p1\"><strong><span class=\"s1\">As part of the Comit\u00e9 Colbert&#8217;s work to promote up-and-coming designers:<\/span><\/strong><\/p>\n<p class=\"p1\"><strong><span class=\"s1\">&#8211; Organisation of &#8216;up-and-coming designers&#8217; competition for Louis Vuitton<\/span><\/strong><\/p>\n<p class=\"p1\"><strong><span class=\"s1\">&#8211; Member of the national and international competition juries<\/span><\/strong><\/p>\n<p class=\"p1\"><strong><span class=\"s1\">&#8211; Lectures: &#8220;How integrated designers can incorporate the marketing approach&#8221;<\/span><\/strong><\/p>\n<p>[\/vc_column_text][\/vc_column][vc_column width=&#8221;1\/3&#8243;][vc_column_text]<\/p>\n<h3 style=\"text-align: left;\"><strong>Ses envies pour l&#8217;avenir<\/strong><\/h3>\n<p style=\"text-align: left;\"><strong>\u00ab\u00a0J\u2019aimerais revenir vers des metiers proche de l\u2019artisanat, qui m\u2019inspirent et que j\u2019admire au quotidien. Je voudrais travailler avec des artisans qui ont des formations uniques et tr\u00e8s sp\u00e9cifiques, comme la dorure ou la broderie par exemple.<\/strong><br \/>\n<strong>Je souhaite \u00e9galement d\u00e9velopper notre travail de l\u2019impression 3D. Cela fait partie des nouvelles technologies qui permettent de faire des choses incroyables\u00a0\u00bb<\/strong><\/p>\n<p>[\/vc_column_text][\/vc_column][vc_column width=&#8221;1\/3&#8243;][vc_column_text]<\/p>\n<h3 class=\"p1\"><strong><span class=\"s1\">Educational background<\/span><\/strong><\/h3>\n<p class=\"p1\"><strong><span class=\"s1\">1983\/1986 | Diploma from the Paris Higher School of Industrial Design (ESDI): product and packaging design<\/span><\/strong><\/p>\n<p class=\"p1\"><strong><span class=\"s1\">1978\/1981 | Diploma from the Institut Saint-Luc, Tournai (Belgium): cabinet making and sculpture<\/span><\/strong><\/p>\n<p>[\/vc_column_text][\/vc_column][\/vc_row][vc_row full_width=&#8221;stretch_row&#8221; css=&#8221;.vc_custom_1465225433945{margin-bottom: 0px !important;padding-top: 0px !important;padding-bottom: 0px !important;background-position: center !important;background-repeat: no-repeat !important;background-size: cover !important;}&#8221; el_class=&#8221;text-white&#8221;][vc_column][vc_separator color=&#8221;white&#8221; el_width=&#8221;10&#8243;][\/vc_column][\/vc_row][vc_row full_width=&#8221;stretch_row_content&#8221; css=&#8221;.vc_custom_1466054472151{margin-bottom: 0px !important;padding-top: 60px !important;padding-bottom: 60px !important;background-image: url(https:\/\/www.atelierdusartel.com\/wp-content\/uploads\/2016\/05\/ADS_Contact-2.jpg?id=738) !important;background-position: center !important;background-repeat: no-repeat !important;background-size: cover !important;}&#8221; el_class=&#8221;text-white&#8221;][vc_column][vc_column_text el_class=&#8221;text-white&#8221;]<\/p>\n<h3 style=\"text-align: center;\"><span style=\"color: #000000;\">Nous serions tr\u00e8s heureux de discuter ensemble de votre projet.<\/span><\/h3>\n<p>[\/vc_column_text][vc_btn title=&#8221;CONTACTEZ-NOUS&#8221; style=&#8221;outline&#8221; shape=&#8221;square&#8221; color=&#8221;black&#8221; align=&#8221;center&#8221; link=&#8221;url:http%3A%2F%2Fwww.atelierdusartel.com%2Fcontact%2F||&#8221;][\/vc_column][\/vc_row]<\/p>\n","protected":false},"excerpt":{"rendered":"<p>[vc_row full_width&#8230;<\/p>\n","protected":false},"author":1,"featured_media":0,"parent":0,"menu_order":0,"comment_status":"closed","ping_status":"closed","template":"","meta":[],"yoast_head":"<!-- This site is optimized with the Yoast SEO plugin v16.0.2 - https:\/\/yoast.com\/wordpress\/plugins\/seo\/ -->\n<link rel=\"canonical\" href=\"https:\/\/www.atelierdusartel.com\/zh-hans\/vincent-du-sartel\/\" \/>\n<meta property=\"og:locale\" content=\"zh_CN\" \/>\n<meta property=\"og:type\" content=\"article\" \/>\n<meta property=\"og:title\" content=\"Vincent du Sartel - atelier du Sartel\" \/>\n<meta property=\"og:description\" content=\"[vc_row full_width...\" \/>\n<meta property=\"og:url\" content=\"https:\/\/www.atelierdusartel.com\/zh-hans\/vincent-du-sartel\/\" \/>\n<meta property=\"og:site_name\" content=\"atelier du Sartel\" \/>\n<meta property=\"article:publisher\" content=\"https:\/\/www.facebook.com\/Atelier-Du-Sartel-190788850238\" \/>\n<meta property=\"article:modified_time\" content=\"2016-07-31T21:53:12+00:00\" \/>\n<meta name=\"twitter:card\" content=\"summary\" \/>\n<meta name=\"twitter:site\" content=\"@atelierdusartel\" \/>\n<meta name=\"twitter:label1\" content=\"\u9884\u8ba1\u9605\u8bfb\u65f6\u95f4\">\n\t<meta name=\"twitter:data1\" content=\"3\u5206\">\n<script type=\"application\/ld+json\" class=\"yoast-schema-graph\">{\"@context\":\"https:\/\/schema.org\",\"@graph\":[{\"@type\":\"WebSite\",\"@id\":\"https:\/\/www.atelierdusartel.com\/#website\",\"url\":\"https:\/\/www.atelierdusartel.com\/\",\"name\":\"atelier du Sartel\",\"description\":\"Studio fran\\u00e7ais de design en maroquinerie, chaussures et accessoires de mode.\",\"potentialAction\":[{\"@type\":\"SearchAction\",\"target\":\"https:\/\/www.atelierdusartel.com\/?s={search_term_string}\",\"query-input\":\"required name=search_term_string\"}],\"inLanguage\":\"zh-CN\"},{\"@type\":\"WebPage\",\"@id\":\"https:\/\/www.atelierdusartel.com\/zh-hans\/vincent-du-sartel\/#webpage\",\"url\":\"https:\/\/www.atelierdusartel.com\/zh-hans\/vincent-du-sartel\/\",\"name\":\"Vincent du Sartel - atelier du Sartel\",\"isPartOf\":{\"@id\":\"https:\/\/www.atelierdusartel.com\/#website\"},\"datePublished\":\"2016-06-29T14:58:56+00:00\",\"dateModified\":\"2016-07-31T21:53:12+00:00\",\"breadcrumb\":{\"@id\":\"https:\/\/www.atelierdusartel.com\/zh-hans\/vincent-du-sartel\/#breadcrumb\"},\"inLanguage\":\"zh-CN\",\"potentialAction\":[{\"@type\":\"ReadAction\",\"target\":[\"https:\/\/www.atelierdusartel.com\/zh-hans\/vincent-du-sartel\/\"]}]},{\"@type\":\"BreadcrumbList\",\"@id\":\"https:\/\/www.atelierdusartel.com\/zh-hans\/vincent-du-sartel\/#breadcrumb\",\"itemListElement\":[{\"@type\":\"ListItem\",\"position\":1,\"item\":{\"@type\":\"WebPage\",\"@id\":\"https:\/\/www.atelierdusartel.com\/zh-hans\/\",\"url\":\"https:\/\/www.atelierdusartel.com\/zh-hans\/\",\"name\":\"Accueil\"}},{\"@type\":\"ListItem\",\"position\":2,\"item\":{\"@type\":\"WebPage\",\"@id\":\"https:\/\/www.atelierdusartel.com\/zh-hans\/vincent-du-sartel\/\",\"url\":\"https:\/\/www.atelierdusartel.com\/zh-hans\/vincent-du-sartel\/\",\"name\":\"Vincent du Sartel\"}}]}]}<\/script>\n<!-- \/ Yoast SEO plugin. -->","_links":{"self":[{"href":"https:\/\/www.atelierdusartel.com\/zh-hans\/wp-json\/wp\/v2\/pages\/1174"}],"collection":[{"href":"https:\/\/www.atelierdusartel.com\/zh-hans\/wp-json\/wp\/v2\/pages"}],"about":[{"href":"https:\/\/www.atelierdusartel.com\/zh-hans\/wp-json\/wp\/v2\/types\/page"}],"author":[{"embeddable":true,"href":"https:\/\/www.atelierdusartel.com\/zh-hans\/wp-json\/wp\/v2\/users\/1"}],"replies":[{"embeddable":true,"href":"https:\/\/www.atelierdusartel.com\/zh-hans\/wp-json\/wp\/v2\/comments?post=1174"}],"version-history":[{"count":2,"href":"https:\/\/www.atelierdusartel.com\/zh-hans\/wp-json\/wp\/v2\/pages\/1174\/revisions"}],"predecessor-version":[{"id":1407,"href":"https:\/\/www.atelierdusartel.com\/zh-hans\/wp-json\/wp\/v2\/pages\/1174\/revisions\/1407"}],"wp:attachment":[{"href":"https:\/\/www.atelierdusartel.com\/zh-hans\/wp-json\/wp\/v2\/media?parent=1174"}],"curies":[{"name":"wp","href":"https:\/\/api.w.org\/{rel}","templated":true}]}}